{"id":6882,"date":"2015-11-19T22:15:07","date_gmt":"2015-11-19T21:15:07","guid":{"rendered":"https:\/\/thomasvoland.com\/blog\/?post_type=product&#038;p=6882"},"modified":"2022-05-24T06:46:09","modified_gmt":"2022-05-24T04:46:09","slug":"szkolenie-profesjonalny-retusz-zdjec-w-photoshopie","status":"publish","type":"product","link":"https:\/\/thomasvoland.com\/blog\/kursy\/szkolenie-profesjonalny-retusz-zdjec-w-photoshopie\/","title":{"rendered":"Szkolenie: Profesjonalny retusz zdj\u0119\u0107 w Photoshopie &#8211; ca\u0142a wiedza w pigu\u0142ce"},"content":{"rendered":"","protected":false},"excerpt":{"rendered":"<p>15 listopada 2019r. kurs retuszu zosta\u0142 przeniesiony na now\u0105, du\u017co lepsz\u0105 platform\u0119. Dlatego od tej pory, mo\u017cna go kupi\u0107 pod adresem: <a href=\"https:\/\/voland.studio\/sklep\/szkolenie-profesjonalny-retusz-zdjec-w-photoshopie-cala-wiedza-w-pigulce\">https:\/\/voland.studio\/sklep\/szkolenie-profesjonalny-retusz-zdjec-w-photoshopie-cala-wiedza-w-pigulce<\/a>.<\/p>\n<p>Znajdziesz tam te\u017c rozbudowany opis szkolenia i wszelkie potrzebne informacje.<\/p>\n","protected":false},"featured_media":17836,"template":"","meta":{"om_disable_all_campaigns":false},"product_cat":[174],"product_tag":[178,199,177,218,176,217],"class_list":{"0":"post-6882","1":"product","2":"type-product","3":"status-publish","4":"has-post-thumbnail","6":"product_cat-szkolenia","7":"product_tag-kurs-online","8":"product_tag-obrobka","9":"product_tag-photoshop","10":"product_tag-retouch","11":"product_tag-retusz","12":"product_tag-tutorial","14":"first","15":"outofstock","16":"sold-individually","17":"shipping-taxable","18":"product-type-simple"},"yoast_head":"<!-- This site is optimized with the Yoast SEO plugin v23.9 - https:\/\/yoast.com\/wordpress\/plugins\/seo\/ -->\n<title>Szkolenie: Profesjonalny retusz zdj\u0119\u0107 w Photoshopie - ca\u0142a wiedza w pigu\u0142ce - Thomas Voland<\/title>\n<meta name=\"robots\" content=\"index, follow, max-snippet:-1, max-image-preview:large, max-video-preview:-1\" \/>\n<link rel=\"canonical\" href=\"https:\/\/thomasvoland.com\/blog\/kursy\/szkolenie-profesjonalny-retusz-zdjec-w-photoshopie\/\" \/>\n<meta property=\"og:locale\" content=\"pl_PL\" \/>\n<meta property=\"og:type\" content=\"article\" \/>\n<meta property=\"og:title\" content=\"Szkolenie: Profesjonalny retusz zdj\u0119\u0107 w Photoshopie - ca\u0142a wiedza w pigu\u0142ce - Thomas Voland\" \/>\n<meta property=\"og:description\" content=\"15 listopada 2019r. kurs retuszu zosta\u0142 przeniesiony na now\u0105, du\u017co lepsz\u0105 platform\u0119. Dlatego od tej pory, mo\u017cna go kupi\u0107 pod adresem: https:\/\/voland.studio\/sklep\/szkolenie-profesjonalny-retusz-zdjec-w-photoshopie-cala-wiedza-w-pigulce.  Znajdziesz tam te\u017c rozbudowany opis szkolenia i wszelkie potrzebne informacje.\" \/>\n<meta property=\"og:url\" content=\"https:\/\/thomasvoland.com\/blog\/kursy\/szkolenie-profesjonalny-retusz-zdjec-w-photoshopie\/\" \/>\n<meta property=\"og:site_name\" content=\"Thomas Voland\" \/>\n<meta property=\"article:publisher\" content=\"https:\/\/www.facebook.com\/t.pluszczyk\" \/>\n<meta property=\"article:modified_time\" content=\"2022-05-24T04:46:09+00:00\" \/>\n<meta property=\"og:image\" content=\"https:\/\/thomasvoland.com\/blog\/wp-content\/uploads\/2015\/11\/kro-box-upspace-1.jpg\" \/>\n\t<meta property=\"og:image:width\" content=\"880\" \/>\n\t<meta property=\"og:image:height\" content=\"1290\" \/>\n\t<meta property=\"og:image:type\" content=\"image\/jpeg\" \/>\n<meta name=\"twitter:card\" content=\"summary_large_image\" \/>\n<meta name=\"twitter:site\" content=\"@TomaszPluszczyk\" \/>\n<script type=\"application\/ld+json\" class=\"yoast-schema-graph\">{\"@context\":\"https:\/\/schema.org\",\"@graph\":[{\"@type\":\"WebPage\",\"@id\":\"https:\/\/thomasvoland.com\/blog\/kursy\/szkolenie-profesjonalny-retusz-zdjec-w-photoshopie\/\",\"url\":\"https:\/\/thomasvoland.com\/blog\/kursy\/szkolenie-profesjonalny-retusz-zdjec-w-photoshopie\/\",\"name\":\"Szkolenie: Profesjonalny retusz zdj\u0119\u0107 w Photoshopie - ca\u0142a wiedza w pigu\u0142ce - Thomas Voland\",\"isPartOf\":{\"@id\":\"https:\/\/thomasvoland.com\/blog\/#website\"},\"primaryImageOfPage\":{\"@id\":\"https:\/\/thomasvoland.com\/blog\/kursy\/szkolenie-profesjonalny-retusz-zdjec-w-photoshopie\/#primaryimage\"},\"image\":{\"@id\":\"https:\/\/thomasvoland.com\/blog\/kursy\/szkolenie-profesjonalny-retusz-zdjec-w-photoshopie\/#primaryimage\"},\"thumbnailUrl\":\"https:\/\/thomasvoland.com\/blog\/wp-content\/uploads\/2015\/11\/kro-box-upspace-1.jpg\",\"datePublished\":\"2015-11-19T21:15:07+00:00\",\"dateModified\":\"2022-05-24T04:46:09+00:00\",\"breadcrumb\":{\"@id\":\"https:\/\/thomasvoland.com\/blog\/kursy\/szkolenie-profesjonalny-retusz-zdjec-w-photoshopie\/#breadcrumb\"},\"inLanguage\":\"pl-PL\",\"potentialAction\":[{\"@type\":\"ReadAction\",\"target\":[\"https:\/\/thomasvoland.com\/blog\/kursy\/szkolenie-profesjonalny-retusz-zdjec-w-photoshopie\/\"]}]},{\"@type\":\"ImageObject\",\"inLanguage\":\"pl-PL\",\"@id\":\"https:\/\/thomasvoland.com\/blog\/kursy\/szkolenie-profesjonalny-retusz-zdjec-w-photoshopie\/#primaryimage\",\"url\":\"https:\/\/thomasvoland.com\/blog\/wp-content\/uploads\/2015\/11\/kro-box-upspace-1.jpg\",\"contentUrl\":\"https:\/\/thomasvoland.com\/blog\/wp-content\/uploads\/2015\/11\/kro-box-upspace-1.jpg\",\"width\":880,\"height\":1290,\"caption\":\"szkolenie z retuszu zdj\u0119\u0107\"},{\"@type\":\"BreadcrumbList\",\"@id\":\"https:\/\/thomasvoland.com\/blog\/kursy\/szkolenie-profesjonalny-retusz-zdjec-w-photoshopie\/#breadcrumb\",\"itemListElement\":[{\"@type\":\"ListItem\",\"position\":1,\"name\":\"Strona g\u0142\u00f3wna\",\"item\":\"https:\/\/thomasvoland.com\/blog\/\"},{\"@type\":\"ListItem\",\"position\":2,\"name\":\"Sklep\",\"item\":\"https:\/\/tomaszpluszczyk.pl\/sklep\/\"},{\"@type\":\"ListItem\",\"position\":3,\"name\":\"Szkolenie: Profesjonalny retusz zdj\u0119\u0107 w Photoshopie &#8211; ca\u0142a wiedza w pigu\u0142ce\"}]},{\"@type\":\"WebSite\",\"@id\":\"https:\/\/thomasvoland.com\/blog\/#website\",\"url\":\"https:\/\/thomasvoland.com\/blog\/\",\"name\":\"Thomas Voland\",\"description\":\"\",\"publisher\":{\"@id\":\"https:\/\/thomasvoland.com\/blog\/#organization\"},\"potentialAction\":[{\"@type\":\"SearchAction\",\"target\":{\"@type\":\"EntryPoint\",\"urlTemplate\":\"https:\/\/thomasvoland.com\/blog\/?s={search_term_string}\"},\"query-input\":{\"@type\":\"PropertyValueSpecification\",\"valueRequired\":true,\"valueName\":\"search_term_string\"}}],\"inLanguage\":\"pl-PL\"},{\"@type\":\"Organization\",\"@id\":\"https:\/\/thomasvoland.com\/blog\/#organization\",\"name\":\"Thomas Voland\",\"url\":\"https:\/\/thomasvoland.com\/blog\/\",\"logo\":{\"@type\":\"ImageObject\",\"inLanguage\":\"pl-PL\",\"@id\":\"https:\/\/thomasvoland.com\/blog\/#\/schema\/logo\/image\/\",\"url\":\"https:\/\/thomasvoland.com\/blog\/wp-content\/uploads\/2023\/04\/voland-logo-2.png\",\"contentUrl\":\"https:\/\/thomasvoland.com\/blog\/wp-content\/uploads\/2023\/04\/voland-logo-2.png\",\"width\":210,\"height\":45,\"caption\":\"Thomas Voland\"},\"image\":{\"@id\":\"https:\/\/thomasvoland.com\/blog\/#\/schema\/logo\/image\/\"},\"sameAs\":[\"https:\/\/www.facebook.com\/t.pluszczyk\",\"https:\/\/x.com\/TomaszPluszczyk\",\"https:\/\/www.instagram.com\/thomas_voland\/\",\"https:\/\/www.youtube.com\/channel\/UCRWUS9d3Y3Pi-S9pVs9DKqA\"]}]}<\/script>\n<!-- \/ Yoast SEO plugin. -->","yoast_head_json":{"title":"Szkolenie: Profesjonalny retusz zdj\u0119\u0107 w Photoshopie - ca\u0142a wiedza w pigu\u0142ce - Thomas Voland","robots":{"index":"index","follow":"follow","max-snippet":"max-snippet:-1","max-image-preview":"max-image-preview:large","max-video-preview":"max-video-preview:-1"},"canonical":"https:\/\/thomasvoland.com\/blog\/kursy\/szkolenie-profesjonalny-retusz-zdjec-w-photoshopie\/","og_locale":"pl_PL","og_type":"article","og_title":"Szkolenie: Profesjonalny retusz zdj\u0119\u0107 w Photoshopie - ca\u0142a wiedza w pigu\u0142ce - Thomas Voland","og_description":"15 listopada 2019r. kurs retuszu zosta\u0142 przeniesiony na now\u0105, du\u017co lepsz\u0105 platform\u0119. Dlatego od tej pory, mo\u017cna go kupi\u0107 pod adresem: https:\/\/voland.studio\/sklep\/szkolenie-profesjonalny-retusz-zdjec-w-photoshopie-cala-wiedza-w-pigulce.  Znajdziesz tam te\u017c rozbudowany opis szkolenia i wszelkie potrzebne informacje.","og_url":"https:\/\/thomasvoland.com\/blog\/kursy\/szkolenie-profesjonalny-retusz-zdjec-w-photoshopie\/","og_site_name":"Thomas Voland","article_publisher":"https:\/\/www.facebook.com\/t.pluszczyk","article_modified_time":"2022-05-24T04:46:09+00:00","og_image":[{"width":880,"height":1290,"url":"https:\/\/thomasvoland.com\/blog\/wp-content\/uploads\/2015\/11\/kro-box-upspace-1.jpg","type":"image\/jpeg"}],"twitter_card":"summary_large_image","twitter_site":"@TomaszPluszczyk","schema":{"@context":"https:\/\/schema.org","@graph":[{"@type":"WebPage","@id":"https:\/\/thomasvoland.com\/blog\/kursy\/szkolenie-profesjonalny-retusz-zdjec-w-photoshopie\/","url":"https:\/\/thomasvoland.com\/blog\/kursy\/szkolenie-profesjonalny-retusz-zdjec-w-photoshopie\/","name":"Szkolenie: Profesjonalny retusz zdj\u0119\u0107 w Photoshopie - ca\u0142a wiedza w pigu\u0142ce - Thomas Voland","isPartOf":{"@id":"https:\/\/thomasvoland.com\/blog\/#website"},"primaryImageOfPage":{"@id":"https:\/\/thomasvoland.com\/blog\/kursy\/szkolenie-profesjonalny-retusz-zdjec-w-photoshopie\/#primaryimage"},"image":{"@id":"https:\/\/thomasvoland.com\/blog\/kursy\/szkolenie-profesjonalny-retusz-zdjec-w-photoshopie\/#primaryimage"},"thumbnailUrl":"https:\/\/thomasvoland.com\/blog\/wp-content\/uploads\/2015\/11\/kro-box-upspace-1.jpg","datePublished":"2015-11-19T21:15:07+00:00","dateModified":"2022-05-24T04:46:09+00:00","breadcrumb":{"@id":"https:\/\/thomasvoland.com\/blog\/kursy\/szkolenie-profesjonalny-retusz-zdjec-w-photoshopie\/#breadcrumb"},"inLanguage":"pl-PL","potentialAction":[{"@type":"ReadAction","target":["https:\/\/thomasvoland.com\/blog\/kursy\/szkolenie-profesjonalny-retusz-zdjec-w-photoshopie\/"]}]},{"@type":"ImageObject","inLanguage":"pl-PL","@id":"https:\/\/thomasvoland.com\/blog\/kursy\/szkolenie-profesjonalny-retusz-zdjec-w-photoshopie\/#primaryimage","url":"https:\/\/thomasvoland.com\/blog\/wp-content\/uploads\/2015\/11\/kro-box-upspace-1.jpg","contentUrl":"https:\/\/thomasvoland.com\/blog\/wp-content\/uploads\/2015\/11\/kro-box-upspace-1.jpg","width":880,"height":1290,"caption":"szkolenie z retuszu zdj\u0119\u0107"},{"@type":"BreadcrumbList","@id":"https:\/\/thomasvoland.com\/blog\/kursy\/szkolenie-profesjonalny-retusz-zdjec-w-photoshopie\/#breadcrumb","itemListElement":[{"@type":"ListItem","position":1,"name":"Strona g\u0142\u00f3wna","item":"https:\/\/thomasvoland.com\/blog\/"},{"@type":"ListItem","position":2,"name":"Sklep","item":"https:\/\/tomaszpluszczyk.pl\/sklep\/"},{"@type":"ListItem","position":3,"name":"Szkolenie: Profesjonalny retusz zdj\u0119\u0107 w Photoshopie &#8211; ca\u0142a wiedza w pigu\u0142ce"}]},{"@type":"WebSite","@id":"https:\/\/thomasvoland.com\/blog\/#website","url":"https:\/\/thomasvoland.com\/blog\/","name":"Thomas Voland","description":"","publisher":{"@id":"https:\/\/thomasvoland.com\/blog\/#organization"},"potentialAction":[{"@type":"SearchAction","target":{"@type":"EntryPoint","urlTemplate":"https:\/\/thomasvoland.com\/blog\/?s={search_term_string}"},"query-input":{"@type":"PropertyValueSpecification","valueRequired":true,"valueName":"search_term_string"}}],"inLanguage":"pl-PL"},{"@type":"Organization","@id":"https:\/\/thomasvoland.com\/blog\/#organization","name":"Thomas Voland","url":"https:\/\/thomasvoland.com\/blog\/","logo":{"@type":"ImageObject","inLanguage":"pl-PL","@id":"https:\/\/thomasvoland.com\/blog\/#\/schema\/logo\/image\/","url":"https:\/\/thomasvoland.com\/blog\/wp-content\/uploads\/2023\/04\/voland-logo-2.png","contentUrl":"https:\/\/thomasvoland.com\/blog\/wp-content\/uploads\/2023\/04\/voland-logo-2.png","width":210,"height":45,"caption":"Thomas Voland"},"image":{"@id":"https:\/\/thomasvoland.com\/blog\/#\/schema\/logo\/image\/"},"sameAs":["https:\/\/www.facebook.com\/t.pluszczyk","https:\/\/x.com\/TomaszPluszczyk","https:\/\/www.instagram.com\/thomas_voland\/","https:\/\/www.youtube.com\/channel\/UCRWUS9d3Y3Pi-S9pVs9DKqA"]}]}},"jetpack_sharing_enabled":true,"_links":{"self":[{"href":"https:\/\/thomasvoland.com\/blog\/wp-json\/wp\/v2\/product\/6882","targetHints":{"allow":["GET"]}}],"collection":[{"href":"https:\/\/thomasvoland.com\/blog\/wp-json\/wp\/v2\/product"}],"about":[{"href":"https:\/\/thomasvoland.com\/blog\/wp-json\/wp\/v2\/types\/product"}],"wp:featuredmedia":[{"embeddable":true,"href":"https:\/\/thomasvoland.com\/blog\/wp-json\/wp\/v2\/media\/17836"}],"wp:attachment":[{"href":"https:\/\/thomasvoland.com\/blog\/wp-json\/wp\/v2\/media?parent=6882"}],"wp:term":[{"taxonomy":"product_cat","embeddable":true,"href":"https:\/\/thomasvoland.com\/blog\/wp-json\/wp\/v2\/product_cat?post=6882"},{"taxonomy":"product_tag","embeddable":true,"href":"https:\/\/thomasvoland.com\/blog\/wp-json\/wp\/v2\/product_tag?post=6882"}],"curies":[{"name":"wp","href":"https:\/\/api.w.org\/{rel}","templated":true}]}}