{"id":15823,"date":"2018-10-02T14:12:12","date_gmt":"2018-10-02T12:12:12","guid":{"rendered":"https:\/\/thomasvoland.com\/blog\/?post_type=product&#038;p=15823"},"modified":"2019-11-17T07:54:15","modified_gmt":"2019-11-17T06:54:15","slug":"umowy-dla-fotografow","status":"publish","type":"product","link":"https:\/\/thomasvoland.com\/blog\/kursy\/umowy-dla-fotografow\/","title":{"rendered":"Umowy dla fotograf\u00f3w"},"content":{"rendered":"","protected":false},"excerpt":{"rendered":"<p>Od 15 listopada 2019 r wszystkie umowy s\u0105 dost\u0119pne poprzez now\u0105, du\u017co lepsz\u0105 platform\u0119. Dlatego od tej pory znajdziesz je tutaj: <a href=\"https:\/\/voland.studio\/sklep\/umowy\">https:\/\/voland.studio\/sklep\/umowy<\/a><\/p>\n<p>Przeczytasz tam te\u017c dok\u0142adniejsze opisy ka\u017cdej umowy itd.<\/p>\n","protected":false},"featured_media":15855,"template":"","meta":{"om_disable_all_campaigns":false},"product_cat":[323],"product_tag":[413,414,412,415,325,324],"class_list":{"0":"post-15823","1":"product","2":"type-product","3":"status-publish","4":"has-post-thumbnail","6":"product_cat-umowy-dla-fotografow","7":"product_tag-ftp","8":"product_tag-komercja","9":"product_tag-rodo","10":"product_tag-sesja-zdjeciowa","11":"product_tag-umowa","12":"product_tag-umowy","14":"first","15":"outofstock","16":"sold-individually","17":"shipping-taxable","18":"product-type-simple"},"yoast_head":"<!-- This site is optimized with the Yoast SEO plugin v23.9 - https:\/\/yoast.com\/wordpress\/plugins\/seo\/ -->\n<title>Umowy dla fotograf\u00f3w - Thomas Voland<\/title>\n<meta name=\"robots\" content=\"index, follow, max-snippet:-1, max-image-preview:large, max-video-preview:-1\" \/>\n<link rel=\"canonical\" href=\"https:\/\/thomasvoland.com\/blog\/kursy\/umowy-dla-fotografow\/\" \/>\n<meta property=\"og:locale\" content=\"pl_PL\" \/>\n<meta property=\"og:type\" content=\"article\" \/>\n<meta property=\"og:title\" content=\"Umowy dla fotograf\u00f3w zgodne z RODO\" \/>\n<meta property=\"og:description\" content=\"Wszystkie szablony um\u00f3w zosta\u0142y przygotowane przez Wojciecha Wawrzaka \u2013 prawnika b\u0119d\u0105cego ekspertem od prawa autorskiego, autora bloga PraKreacja.pl oraz podcastu \u201ePrawo dla kreatywnych\u201d. Ka\u017cd\u0105 umow\u0119 osobi\u015bcie konsultowa\u0142em, by jak najbardziej pasowa\u0142a do reali\u00f3w pracy fotografa.\" \/>\n<meta property=\"og:url\" content=\"https:\/\/thomasvoland.com\/blog\/kursy\/umowy-dla-fotografow\/\" \/>\n<meta property=\"og:site_name\" content=\"Thomas Voland\" \/>\n<meta property=\"article:publisher\" content=\"https:\/\/www.facebook.com\/t.pluszczyk\" \/>\n<meta property=\"article:modified_time\" content=\"2019-11-17T06:54:15+00:00\" \/>\n<meta property=\"og:image\" content=\"https:\/\/thomasvoland.com\/blog\/wp-content\/uploads\/2018\/10\/4.jpg\" \/>\n<meta name=\"twitter:card\" content=\"summary_large_image\" \/>\n<meta name=\"twitter:site\" content=\"@TomaszPluszczyk\" \/>\n<script type=\"application\/ld+json\" class=\"yoast-schema-graph\">{\"@context\":\"https:\/\/schema.org\",\"@graph\":[{\"@type\":\"WebPage\",\"@id\":\"https:\/\/thomasvoland.com\/blog\/kursy\/umowy-dla-fotografow\/\",\"url\":\"https:\/\/thomasvoland.com\/blog\/kursy\/umowy-dla-fotografow\/\",\"name\":\"Umowy dla fotograf\u00f3w - Thomas Voland\",\"isPartOf\":{\"@id\":\"https:\/\/thomasvoland.com\/blog\/#website\"},\"primaryImageOfPage\":{\"@id\":\"https:\/\/thomasvoland.com\/blog\/kursy\/umowy-dla-fotografow\/#primaryimage\"},\"image\":{\"@id\":\"https:\/\/thomasvoland.com\/blog\/kursy\/umowy-dla-fotografow\/#primaryimage\"},\"thumbnailUrl\":\"https:\/\/thomasvoland.com\/blog\/wp-content\/uploads\/2018\/09\/box-dla-fotografa-450x750.png\",\"datePublished\":\"2018-10-02T12:12:12+00:00\",\"dateModified\":\"2019-11-17T06:54:15+00:00\",\"breadcrumb\":{\"@id\":\"https:\/\/thomasvoland.com\/blog\/kursy\/umowy-dla-fotografow\/#breadcrumb\"},\"inLanguage\":\"pl-PL\",\"potentialAction\":[{\"@type\":\"ReadAction\",\"target\":[\"https:\/\/thomasvoland.com\/blog\/kursy\/umowy-dla-fotografow\/\"]}]},{\"@type\":\"ImageObject\",\"inLanguage\":\"pl-PL\",\"@id\":\"https:\/\/thomasvoland.com\/blog\/kursy\/umowy-dla-fotografow\/#primaryimage\",\"url\":\"https:\/\/thomasvoland.com\/blog\/wp-content\/uploads\/2018\/09\/box-dla-fotografa-450x750.png\",\"contentUrl\":\"https:\/\/thomasvoland.com\/blog\/wp-content\/uploads\/2018\/09\/box-dla-fotografa-450x750.png\",\"width\":450,\"height\":750},{\"@type\":\"BreadcrumbList\",\"@id\":\"https:\/\/thomasvoland.com\/blog\/kursy\/umowy-dla-fotografow\/#breadcrumb\",\"itemListElement\":[{\"@type\":\"ListItem\",\"position\":1,\"name\":\"Strona g\u0142\u00f3wna\",\"item\":\"https:\/\/thomasvoland.com\/blog\/\"},{\"@type\":\"ListItem\",\"position\":2,\"name\":\"Sklep\",\"item\":\"https:\/\/tomaszpluszczyk.pl\/sklep\/\"},{\"@type\":\"ListItem\",\"position\":3,\"name\":\"Umowy dla fotograf\u00f3w\"}]},{\"@type\":\"WebSite\",\"@id\":\"https:\/\/thomasvoland.com\/blog\/#website\",\"url\":\"https:\/\/thomasvoland.com\/blog\/\",\"name\":\"Thomas Voland\",\"description\":\"\",\"publisher\":{\"@id\":\"https:\/\/thomasvoland.com\/blog\/#organization\"},\"potentialAction\":[{\"@type\":\"SearchAction\",\"target\":{\"@type\":\"EntryPoint\",\"urlTemplate\":\"https:\/\/thomasvoland.com\/blog\/?s={search_term_string}\"},\"query-input\":{\"@type\":\"PropertyValueSpecification\",\"valueRequired\":true,\"valueName\":\"search_term_string\"}}],\"inLanguage\":\"pl-PL\"},{\"@type\":\"Organization\",\"@id\":\"https:\/\/thomasvoland.com\/blog\/#organization\",\"name\":\"Thomas Voland\",\"url\":\"https:\/\/thomasvoland.com\/blog\/\",\"logo\":{\"@type\":\"ImageObject\",\"inLanguage\":\"pl-PL\",\"@id\":\"https:\/\/thomasvoland.com\/blog\/#\/schema\/logo\/image\/\",\"url\":\"https:\/\/thomasvoland.com\/blog\/wp-content\/uploads\/2023\/04\/voland-logo-2.png\",\"contentUrl\":\"https:\/\/thomasvoland.com\/blog\/wp-content\/uploads\/2023\/04\/voland-logo-2.png\",\"width\":210,\"height\":45,\"caption\":\"Thomas Voland\"},\"image\":{\"@id\":\"https:\/\/thomasvoland.com\/blog\/#\/schema\/logo\/image\/\"},\"sameAs\":[\"https:\/\/www.facebook.com\/t.pluszczyk\",\"https:\/\/x.com\/TomaszPluszczyk\",\"https:\/\/www.instagram.com\/thomas_voland\/\",\"https:\/\/www.youtube.com\/channel\/UCRWUS9d3Y3Pi-S9pVs9DKqA\"]}]}<\/script>\n<!-- \/ Yoast SEO plugin. -->","yoast_head_json":{"title":"Umowy dla fotograf\u00f3w - Thomas Voland","robots":{"index":"index","follow":"follow","max-snippet":"max-snippet:-1","max-image-preview":"max-image-preview:large","max-video-preview":"max-video-preview:-1"},"canonical":"https:\/\/thomasvoland.com\/blog\/kursy\/umowy-dla-fotografow\/","og_locale":"pl_PL","og_type":"article","og_title":"Umowy dla fotograf\u00f3w zgodne z RODO","og_description":"Wszystkie szablony um\u00f3w zosta\u0142y przygotowane przez Wojciecha Wawrzaka \u2013 prawnika b\u0119d\u0105cego ekspertem od prawa autorskiego, autora bloga PraKreacja.pl oraz podcastu \u201ePrawo dla kreatywnych\u201d. Ka\u017cd\u0105 umow\u0119 osobi\u015bcie konsultowa\u0142em, by jak najbardziej pasowa\u0142a do reali\u00f3w pracy fotografa.","og_url":"https:\/\/thomasvoland.com\/blog\/kursy\/umowy-dla-fotografow\/","og_site_name":"Thomas Voland","article_publisher":"https:\/\/www.facebook.com\/t.pluszczyk","article_modified_time":"2019-11-17T06:54:15+00:00","og_image":[{"url":"https:\/\/thomasvoland.com\/blog\/wp-content\/uploads\/2018\/10\/4.jpg"}],"twitter_card":"summary_large_image","twitter_site":"@TomaszPluszczyk","schema":{"@context":"https:\/\/schema.org","@graph":[{"@type":"WebPage","@id":"https:\/\/thomasvoland.com\/blog\/kursy\/umowy-dla-fotografow\/","url":"https:\/\/thomasvoland.com\/blog\/kursy\/umowy-dla-fotografow\/","name":"Umowy dla fotograf\u00f3w - Thomas Voland","isPartOf":{"@id":"https:\/\/thomasvoland.com\/blog\/#website"},"primaryImageOfPage":{"@id":"https:\/\/thomasvoland.com\/blog\/kursy\/umowy-dla-fotografow\/#primaryimage"},"image":{"@id":"https:\/\/thomasvoland.com\/blog\/kursy\/umowy-dla-fotografow\/#primaryimage"},"thumbnailUrl":"https:\/\/thomasvoland.com\/blog\/wp-content\/uploads\/2018\/09\/box-dla-fotografa-450x750.png","datePublished":"2018-10-02T12:12:12+00:00","dateModified":"2019-11-17T06:54:15+00:00","breadcrumb":{"@id":"https:\/\/thomasvoland.com\/blog\/kursy\/umowy-dla-fotografow\/#breadcrumb"},"inLanguage":"pl-PL","potentialAction":[{"@type":"ReadAction","target":["https:\/\/thomasvoland.com\/blog\/kursy\/umowy-dla-fotografow\/"]}]},{"@type":"ImageObject","inLanguage":"pl-PL","@id":"https:\/\/thomasvoland.com\/blog\/kursy\/umowy-dla-fotografow\/#primaryimage","url":"https:\/\/thomasvoland.com\/blog\/wp-content\/uploads\/2018\/09\/box-dla-fotografa-450x750.png","contentUrl":"https:\/\/thomasvoland.com\/blog\/wp-content\/uploads\/2018\/09\/box-dla-fotografa-450x750.png","width":450,"height":750},{"@type":"BreadcrumbList","@id":"https:\/\/thomasvoland.com\/blog\/kursy\/umowy-dla-fotografow\/#breadcrumb","itemListElement":[{"@type":"ListItem","position":1,"name":"Strona g\u0142\u00f3wna","item":"https:\/\/thomasvoland.com\/blog\/"},{"@type":"ListItem","position":2,"name":"Sklep","item":"https:\/\/tomaszpluszczyk.pl\/sklep\/"},{"@type":"ListItem","position":3,"name":"Umowy dla fotograf\u00f3w"}]},{"@type":"WebSite","@id":"https:\/\/thomasvoland.com\/blog\/#website","url":"https:\/\/thomasvoland.com\/blog\/","name":"Thomas Voland","description":"","publisher":{"@id":"https:\/\/thomasvoland.com\/blog\/#organization"},"potentialAction":[{"@type":"SearchAction","target":{"@type":"EntryPoint","urlTemplate":"https:\/\/thomasvoland.com\/blog\/?s={search_term_string}"},"query-input":{"@type":"PropertyValueSpecification","valueRequired":true,"valueName":"search_term_string"}}],"inLanguage":"pl-PL"},{"@type":"Organization","@id":"https:\/\/thomasvoland.com\/blog\/#organization","name":"Thomas Voland","url":"https:\/\/thomasvoland.com\/blog\/","logo":{"@type":"ImageObject","inLanguage":"pl-PL","@id":"https:\/\/thomasvoland.com\/blog\/#\/schema\/logo\/image\/","url":"https:\/\/thomasvoland.com\/blog\/wp-content\/uploads\/2023\/04\/voland-logo-2.png","contentUrl":"https:\/\/thomasvoland.com\/blog\/wp-content\/uploads\/2023\/04\/voland-logo-2.png","width":210,"height":45,"caption":"Thomas Voland"},"image":{"@id":"https:\/\/thomasvoland.com\/blog\/#\/schema\/logo\/image\/"},"sameAs":["https:\/\/www.facebook.com\/t.pluszczyk","https:\/\/x.com\/TomaszPluszczyk","https:\/\/www.instagram.com\/thomas_voland\/","https:\/\/www.youtube.com\/channel\/UCRWUS9d3Y3Pi-S9pVs9DKqA"]}]}},"jetpack_sharing_enabled":true,"_links":{"self":[{"href":"https:\/\/thomasvoland.com\/blog\/wp-json\/wp\/v2\/product\/15823","targetHints":{"allow":["GET"]}}],"collection":[{"href":"https:\/\/thomasvoland.com\/blog\/wp-json\/wp\/v2\/product"}],"about":[{"href":"https:\/\/thomasvoland.com\/blog\/wp-json\/wp\/v2\/types\/product"}],"wp:featuredmedia":[{"embeddable":true,"href":"https:\/\/thomasvoland.com\/blog\/wp-json\/wp\/v2\/media\/15855"}],"wp:attachment":[{"href":"https:\/\/thomasvoland.com\/blog\/wp-json\/wp\/v2\/media?parent=15823"}],"wp:term":[{"taxonomy":"product_cat","embeddable":true,"href":"https:\/\/thomasvoland.com\/blog\/wp-json\/wp\/v2\/product_cat?post=15823"},{"taxonomy":"product_tag","embeddable":true,"href":"https:\/\/thomasvoland.com\/blog\/wp-json\/wp\/v2\/product_tag?post=15823"}],"curies":[{"name":"wp","href":"https:\/\/api.w.org\/{rel}","templated":true}]}}