{"id":4727,"date":"2014-12-15T07:35:27","date_gmt":"2014-12-15T06:35:27","guid":{"rendered":"https:\/\/thomasvoland.com\/blog\/?page_id=4727"},"modified":"2020-05-12T22:28:04","modified_gmt":"2020-05-12T20:28:04","slug":"agencje-modelek","status":"publish","type":"page","link":"https:\/\/thomasvoland.com\/blog\/agencje-modelek\/","title":{"rendered":"Agencje modelek"},"content":{"rendered":"<p style=\"text-align: justify;\">Zrobi\u0142em list\u0119&nbsp;tych bardziej znanych polskich agencji modelek i tych nieco mniej znanych tak\u017ce. Wszystko jest podane razem z linkami do ich stron internetowych, fanpage&nbsp;i wszystkiego innego. S\u0105 te\u017c&nbsp;te\u017c odno\u015bniki do dyskusji o danych&nbsp;agencjach &#8211; zwr\u00f3\u0107cie uwag\u0119, \u017ce te dyskusje zaczyna\u0142y si\u0119 cz\u0119sto wiele lat temu, wi\u0119c to co jest na pierwszych stronach b\u0119dzie&nbsp;ju\u017c od bardzo dawna zupe\u0142nie nieaktualne &#8211; najlepiej czyta\u0107 tylko kilka ostatnich stron, kt\u00f3re s\u0105 najbardziej na czasie&nbsp;(przy ka\u017cdym po\u015bcie jest podana data jego napisania).<\/p>\n<p style=\"text-align: justify;\">Ogl\u0105daj\u0105c profile modelek nie sugerujcie si\u0119 tak do ko\u0144ca ich wymiarami &#8211; te cz\u0119sto&nbsp;si\u0119 zmieniaj\u0105 i s\u0105 nieaktualne.&nbsp;Wzrost te\u017c nale\u017cy traktowa\u0107 tylko orientacyjnie&nbsp;&#8211; jest&nbsp;naci\u0105gany tak, \u017ceby by\u0142 bli\u017cszy idea\u0142owi. I tak modelka 183 cm wzrostu pewnie b\u0119dzie wpisana jako 181, a 171 cm jako 173. Oczywi\u015bcie nikt nie&nbsp;da&nbsp;modelce 10 cm mniej lub wi\u0119cej. Je\u015bli ta sama modelka jest w kilku agencjach, to czasem w ka\u017cdej ma wpisany inny&nbsp;wzrost. Zdarza si\u0119 te\u017c, \u017ce&nbsp;na stronach www&nbsp;s\u0105 dziewczyny, kt\u00f3re ju\u017c zerwa\u0142y kontrakt. jednak to dotyczy w szczeg\u00f3lno\u015bci zagranicznych agencji.<\/p>\n<p style=\"text-align: justify;\"><!--more--><\/p>\n<h2 style=\"text-align: justify;\">Chcesz wiedzie\u0107 wi\u0119cej o modelingu?<\/h2>\n<p style=\"text-align: justify;\">Temu jak funkcjonuje ta bran\u017ca po\u015bwi\u0119ci\u0142em jeden z artyku\u0142\u00f3w. Warto go przeczyta\u0107, je\u015bli jeszcze nie masz do\u015bwiadczenia w tym zawodzie: &#8222;<a href=\"https:\/\/thomasvoland.com\/blog\/modeling-agencje-modelek\/\" target=\"_blank\" rel=\"noopener noreferrer\">Modeling i agencje modelek<\/a>&#8222;.<\/p>\n<h2 style=\"text-align: justify;\">Lista polskich agencji modelek:<\/h2>\n<ul>\n<li><strong>D&#8217;Vision<\/strong>&nbsp;(Warszawa) &nbsp;<a href=\"http:\/\/www.division.pl\/index.php?switchlang=Polski&amp;page=main\">www<\/a>&nbsp;:&nbsp;<a href=\"https:\/\/facebook.com\/DivisionModel\">fb<\/a>&nbsp;:&nbsp;<a href=\"http:\/\/www.forum.promodels.pl\/modeling-i-agencje-modelek\/1242-agencja-modelek-dvision.html\">dyskusja<br \/>\n<\/a><\/li>\n<li><strong>Orange<\/strong>&nbsp;(Warszawa) &nbsp;<a href=\"http:\/\/www.orangemodels.com.pl\">www<\/a>&nbsp;:&nbsp;<a href=\"https:\/\/www.facebook.com\/OrangeModelsAgency?ref=ts&amp;fref=ts\">fb<\/a>&nbsp;:&nbsp;<a href=\"http:\/\/www.forum.promodels.pl\/modeling-i-agencje-modelek\/650-orange.html\">dyskusja<\/a><\/li>\n<li><strong>Gaga<\/strong>&nbsp;(Pozna\u0144)&nbsp;<a href=\"http:\/\/gagamodels.com\">www<\/a>&nbsp;:&nbsp;<a href=\"https:\/\/www.facebook.com\/GAGAMODELS\">fb<\/a>&nbsp;:&nbsp;<a href=\"http:\/\/instagram.com\/gagamodels\">instagram<\/a>&nbsp;:&nbsp;<a href=\"https:\/\/twitter.com\/GAGAMODELS\">twitter<\/a>&nbsp;:&nbsp;<a href=\"http:\/\/www.forum.promodels.pl\/modeling-i-agencje-modelek\/462-agencja-gaga.html\">dyskusja<\/a><\/li>\n<li><strong>Model Plus&nbsp;<\/strong>(Warszawa) |&nbsp;<a href=\"http:\/\/www.modelplus.com.pl\">www<\/a>&nbsp;:&nbsp;<a href=\"https:\/\/www.facebook.com\/modelplus\">fb<\/a>&nbsp;:&nbsp;<a href=\"http:\/\/instagram.com\/modelpluswarsaw\">instagram<\/a>&nbsp;:&nbsp;<a href=\"http:\/\/modelpluswarsaw.tumblr.com\">tumblr<\/a>&nbsp;:&nbsp;<a href=\"http:\/\/www.forum.promodels.pl\/modeling-i-agencje-modelek\/919-model-plus.html\">dyskusja<\/a><\/li>\n<li><strong>Eastern Models<\/strong>&nbsp;(Warszawa)&nbsp;<a href=\"http:\/\/easternmodels.pl\/new\/\">www<\/a>&nbsp;:&nbsp;<a href=\"https:\/\/www.facebook.com\/pages\/Eastern-Models\/108690779202989\">fb<\/a>&nbsp;:&nbsp;<a href=\"http:\/\/easternmodels.pl\/new\/blog\/index.php\">blog<\/a>&nbsp;:&nbsp;<a href=\"http:\/\/www.forum.promodels.pl\/modeling-i-agencje-modelek\/629-eastern-models.html\">dyskusja<\/a><\/li>\n<li><strong>Mango<\/strong>&nbsp;(Warszawa)&nbsp;<a href=\"http:\/\/www.mangomodels.pl\/\">www<\/a>&nbsp;:&nbsp;<a href=\"https:\/\/www.facebook.com\/mangomodels\">fb<\/a>&nbsp;:&nbsp;<a href=\"http:\/\/instagram.com\/mangomodels_\">instagram<\/a>&nbsp;:&nbsp;<a href=\"http:\/\/www.forum.promodels.pl\/modeling-i-agencje-modelek\/1185-mango-models-warszawa.html\">dyskusja<\/a><\/li>\n<li><strong>Rebel<\/strong>&nbsp;(Warszawa)&nbsp;<a href=\"http:\/\/www.rebelmodels.pl\">www<\/a>&nbsp;:&nbsp;<a href=\"https:\/\/www.facebook.com\/RebelModelsAgency\">fb<\/a>&nbsp;:&nbsp;<a href=\"http:\/\/instagram.com\/rebel_models?ref=badge\">instagram<\/a>&nbsp;:&nbsp;<a href=\"http:\/\/www.forum.promodels.pl\/modeling-i-agencje-modelek\/636-rebel-models.html\">dyskusja<\/a><\/li>\n<li><strong>EC Management&nbsp;<\/strong>(Warszawa)<strong>&nbsp;<\/strong><a href=\"http:\/\/www.ecmanagement.pl\">www<\/a>&nbsp;:&nbsp;<a href=\"https:\/\/www.facebook.com\/ECManagement\">fb<\/a>&nbsp;:&nbsp;<a href=\"http:\/\/www.forum.promodels.pl\/modeling-i-agencje-modelek\/13428-ec-management.html\">dyskusja<\/a><\/li>\n<li><strong>WonderModels&nbsp;<\/strong>(Warszawa)&nbsp;<a href=\"http:\/\/wonder-models.com\">www<\/a>&nbsp;:&nbsp;<a href=\"https:\/\/www.facebook.com\/wondermodels\">fb<\/a>&nbsp;:&nbsp;<a href=\"http:\/\/www.forum.promodels.pl\/modeling-i-agencje-modelek\/6439-wondermodels.html\">dyskusja<\/a><\/li>\n<li><strong>Hook<\/strong>&nbsp;(Warszawa)&nbsp;<a href=\"http:\/\/www.hook.pl\">www<\/a>&nbsp;:&nbsp;<a href=\"https:\/\/www.facebook.com\/pages\/hookpl\/111638868904476?ref=hl\">fb<\/a>&nbsp;:&nbsp;<a href=\"http:\/\/www.forum.promodels.pl\/modeling-i-agencje-modelek\/590-hook.html\">dyskusja<\/a><\/li>\n<li><strong>Milk<\/strong> (Wroc\u0142aw) <a href=\"http:\/\/models.madebymilk.pl\/pl\/strona-glowna\">www<\/a> : <a href=\"https:\/\/www.facebook.com\/madebyMILK\">fb<\/a> : <a href=\"http:\/\/www.forum.promodels.pl\/modeling-i-agencje-modelek\/13853-milk-agencja-modelek.html\">dyskusja<\/a><\/li>\n<li><strong>SPP<\/strong>&nbsp;(Wroc\u0142aw)&nbsp;<a href=\"http:\/\/www.spp.com.pl\">www<\/a>&nbsp;:&nbsp;<a href=\"https:\/\/www.facebook.com\/SPPmodels\">fb<\/a>&nbsp;: &nbsp;<a href=\"http:\/\/www.sppblog.com\">blog<\/a>&nbsp;:&nbsp;<a href=\"http:\/\/www.youtube.com\/user\/SPPModels\">youtube<\/a>&nbsp;:&nbsp;<a href=\"http:\/\/www.forum.promodels.pl\/modeling-i-agencje-modelek\/1229-spp-models.html\">dyskusja<\/a><\/li>\n<li><strong>Wave<\/strong>&nbsp;(dawniej&nbsp;Joy Starsystem) (Warszawa)<strong>&nbsp;<\/strong><a href=\"http:\/\/wavemodels.pl\">www<\/a>&nbsp;:&nbsp;<a href=\"https:\/\/www.facebook.com\/wavemodelspoland\">fb<\/a>&nbsp;:&nbsp;<a href=\"http:\/\/instagram.com\/wavemodels\/\">instagram<\/a>&nbsp;:&nbsp;<a href=\"http:\/\/www.forum.promodels.pl\/modeling-i-agencje-modelek\/450-wave-models-joy-starsystem.html\">dyskusja<\/a><\/li>\n<li><strong>Moss Model<\/strong>&nbsp;(Warszawa)&nbsp;<a href=\"http:\/\/mossmodel.pl\/index_pl.php?lang=pl\">www<\/a>&nbsp;:&nbsp;<a href=\"https:\/\/www.facebook.com\/pages\/Moss-Model\/360538453717\">fb<\/a>&nbsp;:&nbsp;<a href=\"http:\/\/www.forum.promodels.pl\/modeling-i-agencje-modelek\/7277-moss-model-management.html\">dyskusja<\/a><\/li>\n<li><strong>United4Models<\/strong>&nbsp;(Warszawa)&nbsp;<a href=\"http:\/\/www.unitedformodels.com\/\">www<\/a>&nbsp;:&nbsp;<a href=\"https:\/\/www.facebook.com\/UNITEDforMODELS\">fb<\/a>&nbsp;:&nbsp;<a href=\"http:\/\/instagram.com\/united_for_models\">instagram<\/a>&nbsp;:&nbsp;<a href=\"http:\/\/www.forum.promodels.pl\/modeling-i-agencje-modelek\/10350-united4models.html\">dyskusja<\/a><\/li>\n<li><strong>Avant<\/strong>&nbsp;(Warszawa)&nbsp;<a href=\"http:\/\/www.avantmodels.pl\/\">www<\/a>&nbsp;:&nbsp;<a href=\"https:\/\/www.facebook.com\/avantmodels?ref=ts&amp;fref=ts\">fb<\/a>&nbsp;:&nbsp;<a href=\"https:\/\/twitter.com\/avantmodelspl\">twitter<\/a>&nbsp;:&nbsp;<a href=\"http:\/\/www.forum.promodels.pl\/modeling-i-agencje-modelek\/1259-avant-models.html\">dyskusja<\/a><\/li>\n<li><strong>Neva<\/strong>&nbsp;(Warszawa i Szczecin )&nbsp;<a href=\"http:\/\/www.nevamodels.pl\">www<\/a>&nbsp;:&nbsp;<a href=\"https:\/\/www.facebook.com\/nevamodels?ref=ts&amp;fref=ts\">fb<\/a>&nbsp;:&nbsp;<a href=\"http:\/\/www.forum.promodels.pl\/modeling-i-agencje-modelek\/14583-neva-models.html\">dyskusja<\/a><\/li>\n<li><strong>New Age<\/strong>&nbsp;(Warszawa)&nbsp;<a href=\"http:\/\/www.newagemodels.pl\">www<\/a>&nbsp;:&nbsp;<a href=\"https:\/\/www.facebook.com\/NewAgeModelsPL\">fb<\/a>&nbsp;:&nbsp;<a href=\"https:\/\/www.youtube.com\/user\/NewAgeModelsPL\">youtube<\/a>&nbsp;:&nbsp;<a href=\"http:\/\/www.forum.promodels.pl\/modeling-i-agencje-modelek\/519-new-age-models.html\">dyskusja<\/a><\/li>\n<li><strong>A S Management<\/strong>&nbsp;(Warszawa) &nbsp;<a href=\"http:\/\/asmanagement.pl\">www<\/a>&nbsp;:&nbsp;<a href=\"https:\/\/www.facebook.com\/ASmgmt\">fb<\/a>&nbsp;|&nbsp;<a href=\"http:\/\/www.forum.promodels.pl\/modeling-i-agencje-modelek\/13053-management.html\">dyskusja<\/a><\/li>\n<li><strong>8fi<\/strong>&nbsp;(Krak\u00f3w)&nbsp;<a href=\"http:\/\/www.8fimodels.pl\">www<\/a>&nbsp;:&nbsp;<a href=\"https:\/\/www.facebook.com\/8fimodels\">facebook<\/a>&nbsp;:&nbsp;<a href=\"http:\/\/instagram.com\/8fimodels\">instagram<\/a>&nbsp;:&nbsp;<a href=\"http:\/\/www.8fimodels.pl\/blog\/\">blog<\/a>&nbsp;:&nbsp;<a href=\"http:\/\/www.forum.promodels.pl\/modeling-i-agencje-modelek\/7374-agencja-8fi.html\">dyskusja<\/a><\/li>\n<li><strong>Free Models Agency<\/strong>&nbsp;(Warszawa)&nbsp;<a href=\"https:\/\/agencjafree.com.pl\">www<\/a>&nbsp;:&nbsp;<a href=\"https:\/\/www.facebook.com\/FreeModelsAgency?ref=nf\">fb<\/a>&nbsp;:&nbsp;<a href=\"http:\/\/www.forum.promodels.pl\/modeling-i-agencje-modelek\/892-free-models-agency.html\">dyskusja<\/a><\/li>\n<li><strong>Magteam<\/strong>&nbsp;(Warszawa)&nbsp;<a href=\"http:\/\/magteammodels.com\">www<\/a>&nbsp;:&nbsp;<a href=\"https:\/\/www.facebook.com\/MagteamModelManagement\">fb<\/a>&nbsp;:&nbsp;<a href=\"http:\/\/instagram.com\/magteammodels\/\">instagram<\/a>&nbsp;:&nbsp;<a href=\"http:\/\/www.forum.promodels.pl\/modeling-i-agencje-modelek\/13770-magteam-models.html\">dyskusja<\/a><\/li>\n<li><strong>VOX<\/strong>&nbsp;<a href=\"http:\/\/voxmodels.com.pl\">www<\/a>&nbsp;:&nbsp;<a href=\"https:\/\/www.facebook.com\/VOX.MODELS.MANAGEMENT\">fb<\/a>&nbsp;: <a href=\"http:\/\/www.forum.promodels.pl\/modeling-i-agencje-modelek\/13135-agencja-vox-models-management.html\">dyskusja<\/a><\/li>\n<li><strong>AMQ<\/strong>&nbsp;(Warszawa)&nbsp;<a href=\"http:\/\/amq.pl\">www<\/a>&nbsp;:&nbsp;<a href=\"https:\/\/www.facebook.com\/amqmodels\">fb<\/a>&nbsp;:&nbsp;<a href=\"http:\/\/www.forum.promodels.pl\/modeling-i-agencje-modelek\/3518-amq.html\">dyskusja<\/a><\/li>\n<li><strong>Specto<\/strong> (Warszawa) <a href=\"http:\/\/specto.pl\/\">www<\/a> : <a href=\"https:\/\/www.facebook.com\/pages\/SPECTO-Model-Management\/246357425425307\">fb<\/a> : <a href=\"https:\/\/www.youtube.com\/user\/spectomodels\/\">youtube<\/a> : <a href=\"http:\/\/www.forum.promodels.pl\/modeling-i-agencje-modelek\/3697-specto-models.html\">dyskusja (starsza)<\/a> : <a href=\"http:\/\/www.forum.promodels.pl\/modeling-i-agencje-modelek\/3697-specto-models.html\">dyskusja (nowsza)<\/a><\/li>\n<li><strong>Venti<\/strong> (Pozna\u0144) <a href=\"http:\/\/www.ventimodels.com\">www<\/a> : <a href=\"https:\/\/www.facebook.com\/ventimodels\">fb<\/a> : <a href=\"http:\/\/www.forum.promodels.pl\/modeling-i-agencje-modelek\/15741-venti-models.html\">dyskusja<\/a><\/li>\n<li><strong>Panda<\/strong> (Warszawa, tylko m\u0119\u017cczy\u017ani) <a href=\"http:\/\/pandamodels.pl\">www<\/a> : <a href=\"https:\/\/www.facebook.com\/pandamodelsagency\">fb<\/a> : <a href=\"http:\/\/instagram.com\/panda_models\">instagram<\/a> :&nbsp;<a href=\"http:\/\/www.forum.promodels.pl\/modeling-i-agencje-modelek\/10522-panda-models.html\">dyskusja<\/a><\/li>\n<\/ul>\n","protected":false},"excerpt":{"rendered":"<p>Zrobi\u0142em list\u0119&nbsp;tych bardziej znanych polskich agencji modelek i tych nieco mniej znanych tak\u017ce. Wszystko jest podane razem z linkami do ich stron internetowych, fanpage&nbsp;i wszystkiego innego. S\u0105 te\u017c&nbsp;te\u017c odno\u015bniki do dyskusji o danych&nbsp;agencjach &#8211; zwr\u00f3\u0107cie uwag\u0119, \u017ce te dyskusje zaczyna\u0142y si\u0119 cz\u0119sto wiele lat temu, wi\u0119c to co jest na pierwszych stronach b\u0119dzie&nbsp;ju\u017c od bardzo [&hellip;]<\/p>\n","protected":false},"author":1,"featured_media":0,"parent":0,"menu_order":0,"comment_status":"closed","ping_status":"open","template":"","meta":{"om_disable_all_campaigns":false,"footnotes":""},"class_list":["post-4727","page","type-page","status-publish","hentry"],"yoast_head":"<!-- This site is optimized with the Yoast SEO plugin v23.9 - https:\/\/yoast.com\/wordpress\/plugins\/seo\/ -->\n<title>Agencje modelek - Thomas Voland<\/title>\n<meta name=\"robots\" content=\"index, follow, max-snippet:-1, max-image-preview:large, max-video-preview:-1\" \/>\n<link rel=\"canonical\" href=\"https:\/\/thomasvoland.com\/blog\/agencje-modelek\/\" \/>\n<meta property=\"og:locale\" content=\"pl_PL\" \/>\n<meta property=\"og:type\" content=\"article\" \/>\n<meta property=\"og:title\" content=\"Agencje modelek - Thomas Voland\" \/>\n<meta property=\"og:description\" content=\"Zrobi\u0142em list\u0119&nbsp;tych bardziej znanych polskich agencji modelek i tych nieco mniej znanych tak\u017ce. Wszystko jest podane razem z linkami do ich stron internetowych, fanpage&nbsp;i wszystkiego innego. S\u0105 te\u017c&nbsp;te\u017c odno\u015bniki do dyskusji o danych&nbsp;agencjach &#8211; zwr\u00f3\u0107cie uwag\u0119, \u017ce te dyskusje zaczyna\u0142y si\u0119 cz\u0119sto wiele lat temu, wi\u0119c to co jest na pierwszych stronach b\u0119dzie&nbsp;ju\u017c od bardzo [&hellip;]\" \/>\n<meta property=\"og:url\" content=\"https:\/\/thomasvoland.com\/blog\/agencje-modelek\/\" \/>\n<meta property=\"og:site_name\" content=\"Thomas Voland\" \/>\n<meta property=\"article:publisher\" content=\"https:\/\/www.facebook.com\/t.pluszczyk\" \/>\n<meta property=\"article:modified_time\" content=\"2020-05-12T20:28:04+00:00\" \/>\n<meta name=\"twitter:card\" content=\"summary_large_image\" \/>\n<meta name=\"twitter:site\" content=\"@TomaszPluszczyk\" \/>\n<meta name=\"twitter:label1\" content=\"Szacowany czas czytania\" \/>\n\t<meta name=\"twitter:data1\" content=\"3 minuty\" \/>\n<script type=\"application\/ld+json\" class=\"yoast-schema-graph\">{\"@context\":\"https:\/\/schema.org\",\"@graph\":[{\"@type\":\"WebPage\",\"@id\":\"https:\/\/thomasvoland.com\/blog\/agencje-modelek\/\",\"url\":\"https:\/\/thomasvoland.com\/blog\/agencje-modelek\/\",\"name\":\"Agencje modelek - Thomas Voland\",\"isPartOf\":{\"@id\":\"https:\/\/thomasvoland.com\/blog\/#website\"},\"datePublished\":\"2014-12-15T06:35:27+00:00\",\"dateModified\":\"2020-05-12T20:28:04+00:00\",\"breadcrumb\":{\"@id\":\"https:\/\/thomasvoland.com\/blog\/agencje-modelek\/#breadcrumb\"},\"inLanguage\":\"pl-PL\",\"potentialAction\":[{\"@type\":\"ReadAction\",\"target\":[\"https:\/\/thomasvoland.com\/blog\/agencje-modelek\/\"]}]},{\"@type\":\"BreadcrumbList\",\"@id\":\"https:\/\/thomasvoland.com\/blog\/agencje-modelek\/#breadcrumb\",\"itemListElement\":[{\"@type\":\"ListItem\",\"position\":1,\"name\":\"Strona g\u0142\u00f3wna\",\"item\":\"https:\/\/thomasvoland.com\/blog\/\"},{\"@type\":\"ListItem\",\"position\":2,\"name\":\"Agencje modelek\"}]},{\"@type\":\"WebSite\",\"@id\":\"https:\/\/thomasvoland.com\/blog\/#website\",\"url\":\"https:\/\/thomasvoland.com\/blog\/\",\"name\":\"Thomas Voland\",\"description\":\"\",\"publisher\":{\"@id\":\"https:\/\/thomasvoland.com\/blog\/#organization\"},\"potentialAction\":[{\"@type\":\"SearchAction\",\"target\":{\"@type\":\"EntryPoint\",\"urlTemplate\":\"https:\/\/thomasvoland.com\/blog\/?s={search_term_string}\"},\"query-input\":{\"@type\":\"PropertyValueSpecification\",\"valueRequired\":true,\"valueName\":\"search_term_string\"}}],\"inLanguage\":\"pl-PL\"},{\"@type\":\"Organization\",\"@id\":\"https:\/\/thomasvoland.com\/blog\/#organization\",\"name\":\"Thomas Voland\",\"url\":\"https:\/\/thomasvoland.com\/blog\/\",\"logo\":{\"@type\":\"ImageObject\",\"inLanguage\":\"pl-PL\",\"@id\":\"https:\/\/thomasvoland.com\/blog\/#\/schema\/logo\/image\/\",\"url\":\"https:\/\/thomasvoland.com\/blog\/wp-content\/uploads\/2023\/04\/voland-logo-2.png\",\"contentUrl\":\"https:\/\/thomasvoland.com\/blog\/wp-content\/uploads\/2023\/04\/voland-logo-2.png\",\"width\":210,\"height\":45,\"caption\":\"Thomas Voland\"},\"image\":{\"@id\":\"https:\/\/thomasvoland.com\/blog\/#\/schema\/logo\/image\/\"},\"sameAs\":[\"https:\/\/www.facebook.com\/t.pluszczyk\",\"https:\/\/x.com\/TomaszPluszczyk\",\"https:\/\/www.instagram.com\/thomas_voland\/\",\"https:\/\/www.youtube.com\/channel\/UCRWUS9d3Y3Pi-S9pVs9DKqA\"]}]}<\/script>\n<!-- \/ Yoast SEO plugin. -->","yoast_head_json":{"title":"Agencje modelek - Thomas Voland","robots":{"index":"index","follow":"follow","max-snippet":"max-snippet:-1","max-image-preview":"max-image-preview:large","max-video-preview":"max-video-preview:-1"},"canonical":"https:\/\/thomasvoland.com\/blog\/agencje-modelek\/","og_locale":"pl_PL","og_type":"article","og_title":"Agencje modelek - Thomas Voland","og_description":"Zrobi\u0142em list\u0119&nbsp;tych bardziej znanych polskich agencji modelek i tych nieco mniej znanych tak\u017ce. Wszystko jest podane razem z linkami do ich stron internetowych, fanpage&nbsp;i wszystkiego innego. S\u0105 te\u017c&nbsp;te\u017c odno\u015bniki do dyskusji o danych&nbsp;agencjach &#8211; zwr\u00f3\u0107cie uwag\u0119, \u017ce te dyskusje zaczyna\u0142y si\u0119 cz\u0119sto wiele lat temu, wi\u0119c to co jest na pierwszych stronach b\u0119dzie&nbsp;ju\u017c od bardzo [&hellip;]","og_url":"https:\/\/thomasvoland.com\/blog\/agencje-modelek\/","og_site_name":"Thomas Voland","article_publisher":"https:\/\/www.facebook.com\/t.pluszczyk","article_modified_time":"2020-05-12T20:28:04+00:00","twitter_card":"summary_large_image","twitter_site":"@TomaszPluszczyk","twitter_misc":{"Szacowany czas czytania":"3 minuty"},"schema":{"@context":"https:\/\/schema.org","@graph":[{"@type":"WebPage","@id":"https:\/\/thomasvoland.com\/blog\/agencje-modelek\/","url":"https:\/\/thomasvoland.com\/blog\/agencje-modelek\/","name":"Agencje modelek - Thomas Voland","isPartOf":{"@id":"https:\/\/thomasvoland.com\/blog\/#website"},"datePublished":"2014-12-15T06:35:27+00:00","dateModified":"2020-05-12T20:28:04+00:00","breadcrumb":{"@id":"https:\/\/thomasvoland.com\/blog\/agencje-modelek\/#breadcrumb"},"inLanguage":"pl-PL","potentialAction":[{"@type":"ReadAction","target":["https:\/\/thomasvoland.com\/blog\/agencje-modelek\/"]}]},{"@type":"BreadcrumbList","@id":"https:\/\/thomasvoland.com\/blog\/agencje-modelek\/#breadcrumb","itemListElement":[{"@type":"ListItem","position":1,"name":"Strona g\u0142\u00f3wna","item":"https:\/\/thomasvoland.com\/blog\/"},{"@type":"ListItem","position":2,"name":"Agencje modelek"}]},{"@type":"WebSite","@id":"https:\/\/thomasvoland.com\/blog\/#website","url":"https:\/\/thomasvoland.com\/blog\/","name":"Thomas Voland","description":"","publisher":{"@id":"https:\/\/thomasvoland.com\/blog\/#organization"},"potentialAction":[{"@type":"SearchAction","target":{"@type":"EntryPoint","urlTemplate":"https:\/\/thomasvoland.com\/blog\/?s={search_term_string}"},"query-input":{"@type":"PropertyValueSpecification","valueRequired":true,"valueName":"search_term_string"}}],"inLanguage":"pl-PL"},{"@type":"Organization","@id":"https:\/\/thomasvoland.com\/blog\/#organization","name":"Thomas Voland","url":"https:\/\/thomasvoland.com\/blog\/","logo":{"@type":"ImageObject","inLanguage":"pl-PL","@id":"https:\/\/thomasvoland.com\/blog\/#\/schema\/logo\/image\/","url":"https:\/\/thomasvoland.com\/blog\/wp-content\/uploads\/2023\/04\/voland-logo-2.png","contentUrl":"https:\/\/thomasvoland.com\/blog\/wp-content\/uploads\/2023\/04\/voland-logo-2.png","width":210,"height":45,"caption":"Thomas Voland"},"image":{"@id":"https:\/\/thomasvoland.com\/blog\/#\/schema\/logo\/image\/"},"sameAs":["https:\/\/www.facebook.com\/t.pluszczyk","https:\/\/x.com\/TomaszPluszczyk","https:\/\/www.instagram.com\/thomas_voland\/","https:\/\/www.youtube.com\/channel\/UCRWUS9d3Y3Pi-S9pVs9DKqA"]}]}},"jetpack_shortlink":"https:\/\/wp.me\/P2VD7q-1ef","jetpack_sharing_enabled":true,"_links":{"self":[{"href":"https:\/\/thomasvoland.com\/blog\/wp-json\/wp\/v2\/pages\/4727","targetHints":{"allow":["GET"]}}],"collection":[{"href":"https:\/\/thomasvoland.com\/blog\/wp-json\/wp\/v2\/pages"}],"about":[{"href":"https:\/\/thomasvoland.com\/blog\/wp-json\/wp\/v2\/types\/page"}],"author":[{"embeddable":true,"href":"https:\/\/thomasvoland.com\/blog\/wp-json\/wp\/v2\/users\/1"}],"replies":[{"embeddable":true,"href":"https:\/\/thomasvoland.com\/blog\/wp-json\/wp\/v2\/comments?post=4727"}],"version-history":[{"count":29,"href":"https:\/\/thomasvoland.com\/blog\/wp-json\/wp\/v2\/pages\/4727\/revisions"}],"predecessor-version":[{"id":29059,"href":"https:\/\/thomasvoland.com\/blog\/wp-json\/wp\/v2\/pages\/4727\/revisions\/29059"}],"wp:attachment":[{"href":"https:\/\/thomasvoland.com\/blog\/wp-json\/wp\/v2\/media?parent=4727"}],"curies":[{"name":"wp","href":"https:\/\/api.w.org\/{rel}","templated":true}]}}