{"id":37146,"date":"2024-03-23T20:21:11","date_gmt":"2024-03-23T19:21:11","guid":{"rendered":"https:\/\/thomasvoland.com\/blog\/?page_id=37146"},"modified":"2024-08-15T15:52:27","modified_gmt":"2024-08-15T13:52:27","slug":"retouch4me","status":"publish","type":"page","link":"https:\/\/thomasvoland.com\/blog\/retouch4me\/","title":{"rendered":"Retouch4me benchmark"},"content":{"rendered":"\t\t<div data-elementor-type=\"wp-page\" data-elementor-id=\"37146\" class=\"elementor elementor-37146\" data-elementor-post-type=\"page\">\n\t\t\t\t\t\t<section class=\"elementor-section elementor-top-section elementor-element elementor-element-2fb82327 elementor-section-full_width elementor-section-stretched elementor-section-height-default elementor-section-height-default\" data-id=\"2fb82327\" data-element_type=\"section\" data-settings=\"{&quot;stretch_section&quot;:&quot;section-stretched&quot;,&quot;background_background&quot;:&quot;classic&quot;}\">\n\t\t\t\t\t\t<div class=\"elementor-container elementor-column-gap-default\">\n\t\t\t\t\t<div class=\"elementor-column elementor-col-100 elementor-top-column elementor-element elementor-element-f542320\" data-id=\"f542320\" data-element_type=\"column\" data-settings=\"{&quot;background_background&quot;:&quot;classic&quot;}\">\n\t\t\t<div class=\"elementor-widget-wrap elementor-element-populated\">\n\t\t\t\t\t\t<section class=\"elementor-section elementor-inner-section elementor-element elementor-element-2a271c9 elementor-section-boxed elementor-section-height-default elementor-section-height-default\" data-id=\"2a271c9\" data-element_type=\"section\">\n\t\t\t\t\t\t<div class=\"elementor-container elementor-column-gap-default\">\n\t\t\t\t\t<div class=\"elementor-column elementor-col-100 elementor-inner-column elementor-element elementor-element-85bccd9\" data-id=\"85bccd9\" data-element_type=\"column\">\n\t\t\t<div class=\"elementor-widget-wrap elementor-element-populated\">\n\t\t\t\t\t\t<div class=\"elementor-element elementor-element-1ef1a14 elementor-widget elementor-widget-text-editor\" data-id=\"1ef1a14\" data-element_type=\"widget\" data-widget_type=\"text-editor.default\">\n\t\t\t\t<div class=\"elementor-widget-container\">\n\t\t\t\t\t\t\t<h2><span style=\"color: #ffffff;\">Retouch4me benchmark<\/span><\/h2>\t\t\t\t\t\t<\/div>\n\t\t\t\t<\/div>\n\t\t\t\t<div class=\"elementor-element elementor-element-5ece41b elementor-widget elementor-widget-text-editor\" data-id=\"5ece41b\" data-element_type=\"widget\" data-widget_type=\"text-editor.default\">\n\t\t\t\t<div class=\"elementor-widget-container\">\n\t\t\t\t\t\t\t<p style=\"text-align: center;\"><span style=\"font-family: var(--body_typography-font-family); font-size: var(--body_typography-font-size); font-style: var(--body_typography-font-style,normal); letter-spacing: var(--body_typography-letter-spacing);\">Wyniki benchmarku przeprowadzonego oficjaln\u0105 procedur\u0105 testow\u0105 Retouch4me. Zautomatyzowa\u0142em j\u0105 akcj\u0105, \u017ceby unikn\u0105\u0107 b\u0142\u0119d\u00f3w i udost\u0119pni\u0142em, wi\u0119c ka\u017cdy mo\u017ce sprawdzi\u0107 sw\u00f3j komputer, je\u015bli posiada Photoshopa i R4m DodgeBurn &#8211; instrukcja jest na dole.<\/span><\/p><h1 style=\"text-align: center;\"><span style=\"color: #ff0000;\">UWAGA: WSZYSTKO SI\u0118 ZDEZAKTUALIZOWA\u0141O 14 SIERPNIA 2024.<\/span><\/h1><p style=\"text-align: center;\"><span style=\"color: #ffffff;\">Wysz\u0142a aktualizacja przyspieszaj\u0105ca R4m nawet 3-krotnie. Zbieram nowe wyniki i wkr\u00f3tce je opublikuj\u0119.<\/span><\/p>\t\t\t\t\t\t<\/div>\n\t\t\t\t<\/div>\n\t\t\t\t\t<\/div>\n\t\t<\/div>\n\t\t\t\t\t<\/div>\n\t\t<\/section>\n\t\t\t\t<div class=\"elementor-element elementor-element-84136dc elementor-widget elementor-widget-text-editor\" data-id=\"84136dc\" data-element_type=\"widget\" data-widget_type=\"text-editor.default\">\n\t\t\t\t<div class=\"elementor-widget-container\">\n\t\t\t\t\t\t\t<h2><span style=\"font-style: var(--body_typography-font-style,normal); caret-color: #ffffff;\"><span style=\"color: #ffffff;\">Sprawd\u017a sw\u00f3j komputer<\/span><\/span><\/h2><p><span style=\"color: #b0b0b0; font-family: var(--body_typography-font-family); font-size: var(--body_typography-font-size); font-style: var(--body_typography-font-style,normal); font-weight: var(--body_typography-font-weight); letter-spacing: var(--body_typography-letter-spacing);\">Pobierz <span style=\"color: #00ccff;\"><a style=\"color: #00ccff;\" href=\"https:\/\/t.voland.studio\/r4mtest\">plik testowy<\/a><\/span> i sprawd\u017a, czy zmiana karty graficznej zrobi u ciebie du\u017c\u0105 r\u00f3\u017cnic\u0119. Poni\u017csze wideo w 2 minuty wszystko wyja\u015bnia. Zostaw pod nim komentarz ze swoim wynikiem.<\/span><\/p>\t\t\t\t\t\t<\/div>\n\t\t\t\t<\/div>\n\t\t\t\t<div class=\"elementor-element elementor-element-d4f84b9 elementor-widget elementor-widget-video\" data-id=\"d4f84b9\" data-element_type=\"widget\" data-settings=\"{&quot;youtube_url&quot;:&quot;https:\\\/\\\/www.youtube.com\\\/watch?v=MDoM54sQJqc&quot;,&quot;video_type&quot;:&quot;youtube&quot;,&quot;controls&quot;:&quot;yes&quot;}\" data-widget_type=\"video.default\">\n\t\t\t\t<div class=\"elementor-widget-container\">\n\t\t\t\t\t<div class=\"elementor-wrapper elementor-open-inline\">\n\t\t\t<div class=\"elementor-video\"><\/div>\t\t<\/div>\n\t\t\t\t<\/div>\n\t\t\t\t<\/div>\n\t\t\t\t<div class=\"elementor-element elementor-element-034d5b4 elementor-widget elementor-widget-image\" data-id=\"034d5b4\" data-element_type=\"widget\" data-widget_type=\"image.default\">\n\t\t\t\t<div class=\"elementor-widget-container\">\n\t\t\t\t\t\t\t\t\t\t\t\t\t<img fetchpriority=\"high\" decoding=\"async\" width=\"1510\" height=\"1458\" src=\"https:\/\/thomasvoland.com\/blog\/wp-content\/uploads\/2024\/03\/chart.jpg\" class=\"attachment-large size-large wp-image-37261\" alt=\"\" srcset=\"https:\/\/thomasvoland.com\/blog\/wp-content\/uploads\/2024\/03\/chart.jpg 1510w, https:\/\/thomasvoland.com\/blog\/wp-content\/uploads\/2024\/03\/chart-870x840.jpg 870w, https:\/\/thomasvoland.com\/blog\/wp-content\/uploads\/2024\/03\/chart-768x742.jpg 768w, https:\/\/thomasvoland.com\/blog\/wp-content\/uploads\/2024\/03\/chart-200x193.jpg 200w, https:\/\/thomasvoland.com\/blog\/wp-content\/uploads\/2024\/03\/chart-400x386.jpg 400w, https:\/\/thomasvoland.com\/blog\/wp-content\/uploads\/2024\/03\/chart-600x579.jpg 600w, https:\/\/thomasvoland.com\/blog\/wp-content\/uploads\/2024\/03\/chart-800x772.jpg 800w, https:\/\/thomasvoland.com\/blog\/wp-content\/uploads\/2024\/03\/chart-1200x1159.jpg 1200w\" sizes=\"(max-width: 1510px) 100vw, 1510px\" \/>\t\t\t\t\t\t\t\t\t\t\t\t\t<\/div>\n\t\t\t\t<\/div>\n\t\t\t\t<section class=\"elementor-section elementor-inner-section elementor-element elementor-element-018b79e elementor-section-boxed elementor-section-height-default elementor-section-height-default\" data-id=\"018b79e\" data-element_type=\"section\">\n\t\t\t\t\t\t<div class=\"elementor-container elementor-column-gap-default\">\n\t\t\t\t\t<div class=\"elementor-column elementor-col-100 elementor-inner-column elementor-element elementor-element-2b1aae3\" data-id=\"2b1aae3\" data-element_type=\"column\">\n\t\t\t<div class=\"elementor-widget-wrap elementor-element-populated\">\n\t\t\t\t\t\t<div class=\"elementor-element elementor-element-0666f19 elementor-align-center elementor-widget elementor-widget-button\" data-id=\"0666f19\" data-element_type=\"widget\" data-widget_type=\"button.default\">\n\t\t\t\t<div class=\"elementor-widget-container\">\n\t\t\t\t\t\t\t<div class=\"elementor-button-wrapper\">\n\t\t\t\t\t<a class=\"elementor-button elementor-button-link elementor-size-lg\" href=\"https:\/\/www.amazon.pl\/s?k=rtx&#038;rh=n%3A20788298031&#038;__mk_pl_PL=%C3%85M%C3%85%C5%BD%C3%95%C3%91&#038;linkCode=ll2&#038;tag=voland0a6-21&#038;linkId=ad5bb185be5c4c9aed2a20b1f116436d&#038;language=pl_PL&#038;ref_=as_li_ss_tl\">\n\t\t\t\t\t\t<span class=\"elementor-button-content-wrapper\">\n\t\t\t\t\t\t\t\t\t<span class=\"elementor-button-text\">Zobacz aktualne ceny kart graficznych<\/span>\n\t\t\t\t\t<\/span>\n\t\t\t\t\t<\/a>\n\t\t\t\t<\/div>\n\t\t\t\t\t\t<\/div>\n\t\t\t\t<\/div>\n\t\t\t\t<div class=\"elementor-element elementor-element-658c9f5 elementor-widget elementor-widget-text-editor\" data-id=\"658c9f5\" data-element_type=\"widget\" data-widget_type=\"text-editor.default\">\n\t\t\t\t<div class=\"elementor-widget-container\">\n\t\t\t\t\t\t\t<h2><span style=\"color: #ffffff; font-family: var(--h2_typography-font-family); font-size: var(--h2_typography-font-size); font-style: var(--h2_typography-font-style,normal); letter-spacing: var(--h2_typography-letter-spacing); text-transform: var(--h2_typography-text-transform);\">B\u0142\u0105d pomiarowy<\/span><\/h2><p>W obr\u0119bie jednego komputera wyniki b\u0119d\u0105 bardzo powtarzalne, z b\u0142\u0119dem poni\u017cej p\u00f3\u0142 sekundy. Sama weryfikacja licencji R4m najcz\u0119\u015bciej zajmuje 0,3s. R\u00f3\u017cnice pomi\u0119dzy wersjami danego modelu GPU i pozosta\u0142ymi komponentami, mog\u0105 wp\u0142yn\u0105\u0107 na wynik bardziej, jednak zdecydowanie najwa\u017cniejszy jest model GPU.<\/p><p><span style=\"letter-spacing: 0.27px;\">Cz\u0119\u015b\u0107 wynik\u00f3w pochodzi z tylko jednego testu, wi\u0119c dopiero gdy rezultat\u00f3w b\u0119dzie wi\u0119cej, wyniki stan\u0105 si\u0119 w pe\u0142ni wiarygodne. Np. nie ma mo\u017cliwo\u015bci by 4080 by\u0142a szybsza od 4090, jednak potrzeba wi\u0119cej wynik\u00f3w by \u015brednia by\u0142a wystarczaj\u0105co dobra do poprawnego wskazania tak niewielkich r\u00f3\u017cnic.\u00a0<\/span><\/p><h2 style=\"text-transform: none; font-style: normal;\"><span style=\"color: #ffffff;\"><span style=\"caret-color: #ffffff;\">Benchmark nie sprawdza d\u0142ugotrwa\u0142ego obci\u0105\u017cenia<\/span><\/span><\/h2><div><p style=\"letter-spacing: 0.27px;\">We wsadowej obr\u00f3bce r\u00f3\u017cnice mi\u0119dzy urz\u0105dzeniami mog\u0105 wzrosn\u0105\u0107. Np. MacBook Air po 1.5m pe\u0142nego obci\u0105\u017cenia solidnie zwolni, podczas gdy MacBook Pro ch\u0142odzony wentylatorem, b\u0119dzie dalej pracowa\u0142 szybko. Dotyczy to te\u017c laptop\u00f3w z RTXami etc (w nich r\u00f3wnie\u017c mo\u017ce by\u0107 spadek wydajno\u015bci po od\u0142\u0105czeniu od zasilania).<\/p><\/div>\t\t\t\t\t\t<\/div>\n\t\t\t\t<\/div>\n\t\t\t\t<div class=\"elementor-element elementor-element-5e37e41 elementor-widget elementor-widget-text-editor\" data-id=\"5e37e41\" data-element_type=\"widget\" data-widget_type=\"text-editor.default\">\n\t\t\t\t<div class=\"elementor-widget-container\">\n\t\t\t\t\t\t\t<h2><span style=\"color: #ffffff;\">Tabela wynik\u00f3w<\/span><\/h2><p style=\"text-align: left;\"><span style=\"color: #e6e6e6;\">W tabeli wida\u0107 szczeg\u00f3\u0142y \u2013 wyniki u\u015brednione, oficjalne, a tak\u017ce czasy r\u00f3\u017cnych u\u017cytkownik\u00f3w, na r\u00f3\u017cnych komputerach z danymi GPU (U1, U2 itd).<\/span><\/p><p style=\"text-align: left;\"><strong><span style=\"color: #e6e6e6;\">Legenda: |<\/span> <span style=\"color: #0dd470;\">Nvidia <\/span><span style=\"color: #e6e6e6;\">|<\/span> <span style=\"color: #d10000;\">AMD <\/span><span style=\"color: #e6e6e6;\">|<\/span> <span style=\"color: #ffffff;\">Mac z Apple Silicon (aktualne Maki)\u00a0<\/span><span style=\"color: #e6e6e6;\">|<\/span> <span style=\"color: #999999;\">Mac z procesorami Intel (stare modele)<span style=\"color: #e6e6e6;\"> |<\/span><\/span><\/strong><\/p>\t\t\t\t\t\t<\/div>\n\t\t\t\t<\/div>\n\t\t\t\t<div class=\"elementor-element elementor-element-9ec709d elementor-widget elementor-widget-image\" data-id=\"9ec709d\" data-element_type=\"widget\" data-widget_type=\"image.default\">\n\t\t\t\t<div class=\"elementor-widget-container\">\n\t\t\t\t\t\t\t\t\t\t\t\t\t<img decoding=\"async\" width=\"700\" height=\"1654\" src=\"https:\/\/thomasvoland.com\/blog\/wp-content\/uploads\/2024\/03\/table.jpg\" class=\"attachment-large size-large wp-image-37263\" alt=\"\" srcset=\"https:\/\/thomasvoland.com\/blog\/wp-content\/uploads\/2024\/03\/table.jpg 700w, https:\/\/thomasvoland.com\/blog\/wp-content\/uploads\/2024\/03\/table-650x1536.jpg 650w, https:\/\/thomasvoland.com\/blog\/wp-content\/uploads\/2024\/03\/table-200x473.jpg 200w, https:\/\/thomasvoland.com\/blog\/wp-content\/uploads\/2024\/03\/table-400x945.jpg 400w, https:\/\/thomasvoland.com\/blog\/wp-content\/uploads\/2024\/03\/table-600x1418.jpg 600w\" sizes=\"(max-width: 700px) 100vw, 700px\" \/>\t\t\t\t\t\t\t\t\t\t\t\t\t<\/div>\n\t\t\t\t<\/div>\n\t\t\t\t<div class=\"elementor-element elementor-element-76fdd91 elementor-widget-divider--view-line elementor-widget elementor-widget-divider\" data-id=\"76fdd91\" data-element_type=\"widget\" data-widget_type=\"divider.default\">\n\t\t\t\t<div class=\"elementor-widget-container\">\n\t\t\t\t\t<div class=\"elementor-divider\">\n\t\t\t<span class=\"elementor-divider-separator\">\n\t\t\t\t\t\t<\/span>\n\t\t<\/div>\n\t\t\t\t<\/div>\n\t\t\t\t<\/div>\n\t\t\t\t\t<\/div>\n\t\t<\/div>\n\t\t\t\t\t<\/div>\n\t\t<\/section>\n\t\t\t\t\t<\/div>\n\t\t<\/div>\n\t\t\t\t\t<\/div>\n\t\t<\/section>\n\t\t\t\t<section class=\"elementor-section elementor-top-section elementor-element elementor-element-cb61d8d elementor-section-stretched elementor-section-boxed elementor-section-height-default elementor-section-height-default\" data-id=\"cb61d8d\" data-element_type=\"section\" data-settings=\"{&quot;stretch_section&quot;:&quot;section-stretched&quot;,&quot;background_background&quot;:&quot;classic&quot;}\">\n\t\t\t\t\t\t<div class=\"elementor-container elementor-column-gap-default\">\n\t\t\t\t\t<div class=\"elementor-column elementor-col-100 elementor-top-column elementor-element elementor-element-5fd0ae8\" data-id=\"5fd0ae8\" data-element_type=\"column\">\n\t\t\t<div class=\"elementor-widget-wrap elementor-element-populated\">\n\t\t\t\t\t\t<section class=\"elementor-section elementor-inner-section elementor-element elementor-element-a297b8e elementor-section-boxed elementor-section-height-default elementor-section-height-default\" data-id=\"a297b8e\" data-element_type=\"section\">\n\t\t\t\t\t\t<div class=\"elementor-container elementor-column-gap-default\">\n\t\t\t\t\t<div class=\"elementor-column elementor-col-50 elementor-inner-column elementor-element elementor-element-6a0b347\" data-id=\"6a0b347\" data-element_type=\"column\">\n\t\t\t<div class=\"elementor-widget-wrap elementor-element-populated\">\n\t\t\t\t\t\t<div class=\"elementor-element elementor-element-f7f9086 elementor-align-justify elementor-widget elementor-widget-button\" data-id=\"f7f9086\" data-element_type=\"widget\" data-widget_type=\"button.default\">\n\t\t\t\t<div class=\"elementor-widget-container\">\n\t\t\t\t\t\t\t<div class=\"elementor-button-wrapper\">\n\t\t\t\t\t<a class=\"elementor-button elementor-button-link elementor-size-lg\" href=\"https:\/\/thomasvoland.com\/blog\/automatyczna-obrobka-zdjec-przez-sztuczna-inteligencje-retouch4me\/\">\n\t\t\t\t\t\t<span class=\"elementor-button-content-wrapper\">\n\t\t\t\t\t\t\t\t\t<span class=\"elementor-button-text\">Recenzja wtyczek R4m<\/span>\n\t\t\t\t\t<\/span>\n\t\t\t\t\t<\/a>\n\t\t\t\t<\/div>\n\t\t\t\t\t\t<\/div>\n\t\t\t\t<\/div>\n\t\t\t\t\t<\/div>\n\t\t<\/div>\n\t\t\t\t<div class=\"elementor-column elementor-col-50 elementor-inner-column elementor-element elementor-element-dfbcf25\" data-id=\"dfbcf25\" data-element_type=\"column\">\n\t\t\t<div class=\"elementor-widget-wrap elementor-element-populated\">\n\t\t\t\t\t\t<div class=\"elementor-element elementor-element-e17f48a elementor-align-justify elementor-widget elementor-widget-button\" data-id=\"e17f48a\" data-element_type=\"widget\" data-widget_type=\"button.default\">\n\t\t\t\t<div class=\"elementor-widget-container\">\n\t\t\t\t\t\t\t<div class=\"elementor-button-wrapper\">\n\t\t\t\t\t<a class=\"elementor-button elementor-button-link elementor-size-lg\" href=\"https:\/\/t.voland.studio\/r4m\">\n\t\t\t\t\t\t<span class=\"elementor-button-content-wrapper\">\n\t\t\t\t\t\t\t\t\t<span class=\"elementor-button-text\">Wszystkie wtyczki na stronie developera (w promocyjnej cenie)<\/span>\n\t\t\t\t\t<\/span>\n\t\t\t\t\t<\/a>\n\t\t\t\t<\/div>\n\t\t\t\t\t\t<\/div>\n\t\t\t\t<\/div>\n\t\t\t\t\t<\/div>\n\t\t<\/div>\n\t\t\t\t\t<\/div>\n\t\t<\/section>\n\t\t\t\t\t<\/div>\n\t\t<\/div>\n\t\t\t\t\t<\/div>\n\t\t<\/section>\n\t\t\t\t<\/div>\n\t\t","protected":false},"excerpt":{"rendered":"<p>Retouch4me benchmark Wyniki benchmarku przeprowadzonego oficjaln\u0105 procedur\u0105 testow\u0105 Retouch4me. Zautomatyzowa\u0142em j\u0105 akcj\u0105, \u017ceby unikn\u0105\u0107 b\u0142\u0119d\u00f3w i udost\u0119pni\u0142em, wi\u0119c ka\u017cdy mo\u017ce sprawdzi\u0107 sw\u00f3j komputer, je\u015bli posiada Photoshopa i R4m DodgeBurn &#8211; instrukcja jest na dole. UWAGA: WSZYSTKO SI\u0118 ZDEZAKTUALIZOWA\u0141O 14 SIERPNIA 2024. Wysz\u0142a aktualizacja przyspieszaj\u0105ca R4m nawet 3-krotnie. Zbieram nowe wyniki i wkr\u00f3tce je opublikuj\u0119. Sprawd\u017a [&hellip;]<\/p>\n","protected":false},"author":1,"featured_media":0,"parent":0,"menu_order":0,"comment_status":"closed","ping_status":"closed","template":"","meta":{"om_disable_all_campaigns":false,"footnotes":""},"class_list":["post-37146","page","type-page","status-publish","hentry"],"yoast_head":"<!-- This site is optimized with the Yoast SEO plugin v23.9 - https:\/\/yoast.com\/wordpress\/plugins\/seo\/ -->\n<title>Retouch4me benchmark - Thomas Voland<\/title>\n<meta name=\"robots\" content=\"index, follow, max-snippet:-1, max-image-preview:large, max-video-preview:-1\" \/>\n<link rel=\"canonical\" href=\"https:\/\/thomasvoland.com\/blog\/retouch4me\/\" \/>\n<meta property=\"og:locale\" content=\"pl_PL\" \/>\n<meta property=\"og:type\" content=\"article\" \/>\n<meta property=\"og:title\" content=\"Retouch4me benchmark - Thomas Voland\" \/>\n<meta property=\"og:description\" content=\"Retouch4me benchmark Wyniki benchmarku przeprowadzonego oficjaln\u0105 procedur\u0105 testow\u0105 Retouch4me. Zautomatyzowa\u0142em j\u0105 akcj\u0105, \u017ceby unikn\u0105\u0107 b\u0142\u0119d\u00f3w i udost\u0119pni\u0142em, wi\u0119c ka\u017cdy mo\u017ce sprawdzi\u0107 sw\u00f3j komputer, je\u015bli posiada Photoshopa i R4m DodgeBurn &#8211; instrukcja jest na dole. UWAGA: WSZYSTKO SI\u0118 ZDEZAKTUALIZOWA\u0141O 14 SIERPNIA 2024. Wysz\u0142a aktualizacja przyspieszaj\u0105ca R4m nawet 3-krotnie. Zbieram nowe wyniki i wkr\u00f3tce je opublikuj\u0119. Sprawd\u017a [&hellip;]\" \/>\n<meta property=\"og:url\" content=\"https:\/\/thomasvoland.com\/blog\/retouch4me\/\" \/>\n<meta property=\"og:site_name\" content=\"Thomas Voland\" \/>\n<meta property=\"article:publisher\" content=\"https:\/\/www.facebook.com\/t.pluszczyk\" \/>\n<meta property=\"article:modified_time\" content=\"2024-08-15T13:52:27+00:00\" \/>\n<meta property=\"og:image\" content=\"https:\/\/thomasvoland.com\/blog\/wp-content\/uploads\/2024\/03\/chart.jpg\" \/>\n<meta name=\"twitter:card\" content=\"summary_large_image\" \/>\n<meta name=\"twitter:site\" content=\"@TomaszPluszczyk\" \/>\n<meta name=\"twitter:label1\" content=\"Szacowany czas czytania\" \/>\n\t<meta name=\"twitter:data1\" content=\"2 minuty\" \/>\n<script type=\"application\/ld+json\" class=\"yoast-schema-graph\">{\"@context\":\"https:\/\/schema.org\",\"@graph\":[{\"@type\":\"WebPage\",\"@id\":\"https:\/\/thomasvoland.com\/blog\/retouch4me\/\",\"url\":\"https:\/\/thomasvoland.com\/blog\/retouch4me\/\",\"name\":\"Retouch4me benchmark - Thomas Voland\",\"isPartOf\":{\"@id\":\"https:\/\/thomasvoland.com\/blog\/#website\"},\"primaryImageOfPage\":{\"@id\":\"https:\/\/thomasvoland.com\/blog\/retouch4me\/#primaryimage\"},\"image\":{\"@id\":\"https:\/\/thomasvoland.com\/blog\/retouch4me\/#primaryimage\"},\"thumbnailUrl\":\"https:\/\/thomasvoland.com\/blog\/wp-content\/uploads\/2024\/03\/chart.jpg\",\"datePublished\":\"2024-03-23T19:21:11+00:00\",\"dateModified\":\"2024-08-15T13:52:27+00:00\",\"breadcrumb\":{\"@id\":\"https:\/\/thomasvoland.com\/blog\/retouch4me\/#breadcrumb\"},\"inLanguage\":\"pl-PL\",\"potentialAction\":[{\"@type\":\"ReadAction\",\"target\":[\"https:\/\/thomasvoland.com\/blog\/retouch4me\/\"]}]},{\"@type\":\"ImageObject\",\"inLanguage\":\"pl-PL\",\"@id\":\"https:\/\/thomasvoland.com\/blog\/retouch4me\/#primaryimage\",\"url\":\"https:\/\/thomasvoland.com\/blog\/wp-content\/uploads\/2024\/03\/chart.jpg\",\"contentUrl\":\"https:\/\/thomasvoland.com\/blog\/wp-content\/uploads\/2024\/03\/chart.jpg\",\"width\":1510,\"height\":1458},{\"@type\":\"BreadcrumbList\",\"@id\":\"https:\/\/thomasvoland.com\/blog\/retouch4me\/#breadcrumb\",\"itemListElement\":[{\"@type\":\"ListItem\",\"position\":1,\"name\":\"Strona g\u0142\u00f3wna\",\"item\":\"https:\/\/thomasvoland.com\/blog\/\"},{\"@type\":\"ListItem\",\"position\":2,\"name\":\"Retouch4me benchmark\"}]},{\"@type\":\"WebSite\",\"@id\":\"https:\/\/thomasvoland.com\/blog\/#website\",\"url\":\"https:\/\/thomasvoland.com\/blog\/\",\"name\":\"Thomas Voland\",\"description\":\"\",\"publisher\":{\"@id\":\"https:\/\/thomasvoland.com\/blog\/#organization\"},\"potentialAction\":[{\"@type\":\"SearchAction\",\"target\":{\"@type\":\"EntryPoint\",\"urlTemplate\":\"https:\/\/thomasvoland.com\/blog\/?s={search_term_string}\"},\"query-input\":{\"@type\":\"PropertyValueSpecification\",\"valueRequired\":true,\"valueName\":\"search_term_string\"}}],\"inLanguage\":\"pl-PL\"},{\"@type\":\"Organization\",\"@id\":\"https:\/\/thomasvoland.com\/blog\/#organization\",\"name\":\"Thomas Voland\",\"url\":\"https:\/\/thomasvoland.com\/blog\/\",\"logo\":{\"@type\":\"ImageObject\",\"inLanguage\":\"pl-PL\",\"@id\":\"https:\/\/thomasvoland.com\/blog\/#\/schema\/logo\/image\/\",\"url\":\"https:\/\/thomasvoland.com\/blog\/wp-content\/uploads\/2023\/04\/voland-logo-2.png\",\"contentUrl\":\"https:\/\/thomasvoland.com\/blog\/wp-content\/uploads\/2023\/04\/voland-logo-2.png\",\"width\":210,\"height\":45,\"caption\":\"Thomas Voland\"},\"image\":{\"@id\":\"https:\/\/thomasvoland.com\/blog\/#\/schema\/logo\/image\/\"},\"sameAs\":[\"https:\/\/www.facebook.com\/t.pluszczyk\",\"https:\/\/x.com\/TomaszPluszczyk\",\"https:\/\/www.instagram.com\/thomas_voland\/\",\"https:\/\/www.youtube.com\/channel\/UCRWUS9d3Y3Pi-S9pVs9DKqA\"]}]}<\/script>\n<!-- \/ Yoast SEO plugin. -->","yoast_head_json":{"title":"Retouch4me benchmark - Thomas Voland","robots":{"index":"index","follow":"follow","max-snippet":"max-snippet:-1","max-image-preview":"max-image-preview:large","max-video-preview":"max-video-preview:-1"},"canonical":"https:\/\/thomasvoland.com\/blog\/retouch4me\/","og_locale":"pl_PL","og_type":"article","og_title":"Retouch4me benchmark - Thomas Voland","og_description":"Retouch4me benchmark Wyniki benchmarku przeprowadzonego oficjaln\u0105 procedur\u0105 testow\u0105 Retouch4me. Zautomatyzowa\u0142em j\u0105 akcj\u0105, \u017ceby unikn\u0105\u0107 b\u0142\u0119d\u00f3w i udost\u0119pni\u0142em, wi\u0119c ka\u017cdy mo\u017ce sprawdzi\u0107 sw\u00f3j komputer, je\u015bli posiada Photoshopa i R4m DodgeBurn &#8211; instrukcja jest na dole. UWAGA: WSZYSTKO SI\u0118 ZDEZAKTUALIZOWA\u0141O 14 SIERPNIA 2024. Wysz\u0142a aktualizacja przyspieszaj\u0105ca R4m nawet 3-krotnie. Zbieram nowe wyniki i wkr\u00f3tce je opublikuj\u0119. Sprawd\u017a [&hellip;]","og_url":"https:\/\/thomasvoland.com\/blog\/retouch4me\/","og_site_name":"Thomas Voland","article_publisher":"https:\/\/www.facebook.com\/t.pluszczyk","article_modified_time":"2024-08-15T13:52:27+00:00","og_image":[{"url":"https:\/\/thomasvoland.com\/blog\/wp-content\/uploads\/2024\/03\/chart.jpg"}],"twitter_card":"summary_large_image","twitter_site":"@TomaszPluszczyk","twitter_misc":{"Szacowany czas czytania":"2 minuty"},"schema":{"@context":"https:\/\/schema.org","@graph":[{"@type":"WebPage","@id":"https:\/\/thomasvoland.com\/blog\/retouch4me\/","url":"https:\/\/thomasvoland.com\/blog\/retouch4me\/","name":"Retouch4me benchmark - Thomas Voland","isPartOf":{"@id":"https:\/\/thomasvoland.com\/blog\/#website"},"primaryImageOfPage":{"@id":"https:\/\/thomasvoland.com\/blog\/retouch4me\/#primaryimage"},"image":{"@id":"https:\/\/thomasvoland.com\/blog\/retouch4me\/#primaryimage"},"thumbnailUrl":"https:\/\/thomasvoland.com\/blog\/wp-content\/uploads\/2024\/03\/chart.jpg","datePublished":"2024-03-23T19:21:11+00:00","dateModified":"2024-08-15T13:52:27+00:00","breadcrumb":{"@id":"https:\/\/thomasvoland.com\/blog\/retouch4me\/#breadcrumb"},"inLanguage":"pl-PL","potentialAction":[{"@type":"ReadAction","target":["https:\/\/thomasvoland.com\/blog\/retouch4me\/"]}]},{"@type":"ImageObject","inLanguage":"pl-PL","@id":"https:\/\/thomasvoland.com\/blog\/retouch4me\/#primaryimage","url":"https:\/\/thomasvoland.com\/blog\/wp-content\/uploads\/2024\/03\/chart.jpg","contentUrl":"https:\/\/thomasvoland.com\/blog\/wp-content\/uploads\/2024\/03\/chart.jpg","width":1510,"height":1458},{"@type":"BreadcrumbList","@id":"https:\/\/thomasvoland.com\/blog\/retouch4me\/#breadcrumb","itemListElement":[{"@type":"ListItem","position":1,"name":"Strona g\u0142\u00f3wna","item":"https:\/\/thomasvoland.com\/blog\/"},{"@type":"ListItem","position":2,"name":"Retouch4me benchmark"}]},{"@type":"WebSite","@id":"https:\/\/thomasvoland.com\/blog\/#website","url":"https:\/\/thomasvoland.com\/blog\/","name":"Thomas Voland","description":"","publisher":{"@id":"https:\/\/thomasvoland.com\/blog\/#organization"},"potentialAction":[{"@type":"SearchAction","target":{"@type":"EntryPoint","urlTemplate":"https:\/\/thomasvoland.com\/blog\/?s={search_term_string}"},"query-input":{"@type":"PropertyValueSpecification","valueRequired":true,"valueName":"search_term_string"}}],"inLanguage":"pl-PL"},{"@type":"Organization","@id":"https:\/\/thomasvoland.com\/blog\/#organization","name":"Thomas Voland","url":"https:\/\/thomasvoland.com\/blog\/","logo":{"@type":"ImageObject","inLanguage":"pl-PL","@id":"https:\/\/thomasvoland.com\/blog\/#\/schema\/logo\/image\/","url":"https:\/\/thomasvoland.com\/blog\/wp-content\/uploads\/2023\/04\/voland-logo-2.png","contentUrl":"https:\/\/thomasvoland.com\/blog\/wp-content\/uploads\/2023\/04\/voland-logo-2.png","width":210,"height":45,"caption":"Thomas Voland"},"image":{"@id":"https:\/\/thomasvoland.com\/blog\/#\/schema\/logo\/image\/"},"sameAs":["https:\/\/www.facebook.com\/t.pluszczyk","https:\/\/x.com\/TomaszPluszczyk","https:\/\/www.instagram.com\/thomas_voland\/","https:\/\/www.youtube.com\/channel\/UCRWUS9d3Y3Pi-S9pVs9DKqA"]}]}},"jetpack_shortlink":"https:\/\/wp.me\/P2VD7q-9F8","jetpack_sharing_enabled":true,"_links":{"self":[{"href":"https:\/\/thomasvoland.com\/blog\/wp-json\/wp\/v2\/pages\/37146","targetHints":{"allow":["GET"]}}],"collection":[{"href":"https:\/\/thomasvoland.com\/blog\/wp-json\/wp\/v2\/pages"}],"about":[{"href":"https:\/\/thomasvoland.com\/blog\/wp-json\/wp\/v2\/types\/page"}],"author":[{"embeddable":true,"href":"https:\/\/thomasvoland.com\/blog\/wp-json\/wp\/v2\/users\/1"}],"replies":[{"embeddable":true,"href":"https:\/\/thomasvoland.com\/blog\/wp-json\/wp\/v2\/comments?post=37146"}],"version-history":[{"count":73,"href":"https:\/\/thomasvoland.com\/blog\/wp-json\/wp\/v2\/pages\/37146\/revisions"}],"predecessor-version":[{"id":37602,"href":"https:\/\/thomasvoland.com\/blog\/wp-json\/wp\/v2\/pages\/37146\/revisions\/37602"}],"wp:attachment":[{"href":"https:\/\/thomasvoland.com\/blog\/wp-json\/wp\/v2\/media?parent=37146"}],"curies":[{"name":"wp","href":"https:\/\/api.w.org\/{rel}","templated":true}]}}