{"id":35167,"date":"2023-05-15T10:33:14","date_gmt":"2023-05-15T08:33:14","guid":{"rendered":"https:\/\/thomasvoland.com\/blog\/?page_id=35167"},"modified":"2023-05-16T09:23:27","modified_gmt":"2023-05-16T07:23:27","slug":"raw-y-do-cwiczenia-retuszu","status":"publish","type":"page","link":"https:\/\/thomasvoland.com\/blog\/raw-y-do-cwiczenia-retuszu\/","title":{"rendered":"RAW-y do \u0107wiczenia retuszu"},"content":{"rendered":"\t\t<div data-elementor-type=\"wp-page\" data-elementor-id=\"35167\" class=\"elementor elementor-35167\" data-elementor-post-type=\"page\">\n\t\t\t\t\t\t<section class=\"elementor-section elementor-top-section elementor-element elementor-element-4c43464 elementor-section-stretched elementor-section-boxed elementor-section-height-default elementor-section-height-default\" data-id=\"4c43464\" data-element_type=\"section\" data-settings=\"{&quot;stretch_section&quot;:&quot;section-stretched&quot;,&quot;background_background&quot;:&quot;classic&quot;}\">\n\t\t\t\t\t\t<div class=\"elementor-container elementor-column-gap-default\">\n\t\t\t\t\t<div class=\"elementor-column elementor-col-100 elementor-top-column elementor-element elementor-element-33dc882\" data-id=\"33dc882\" data-element_type=\"column\">\n\t\t\t<div class=\"elementor-widget-wrap elementor-element-populated\">\n\t\t\t\t\t\t<section class=\"elementor-section elementor-inner-section elementor-element elementor-element-42cba26 elementor-section-boxed elementor-section-height-default elementor-section-height-default\" data-id=\"42cba26\" data-element_type=\"section\">\n\t\t\t\t\t\t<div class=\"elementor-container elementor-column-gap-default\">\n\t\t\t\t\t<div class=\"elementor-column elementor-col-50 elementor-inner-column elementor-element elementor-element-cbd759b\" data-id=\"cbd759b\" data-element_type=\"column\">\n\t\t\t<div class=\"elementor-widget-wrap elementor-element-populated\">\n\t\t\t\t\t\t<div class=\"elementor-element elementor-element-e3798a7 elementor-widget elementor-widget-heading\" data-id=\"e3798a7\" data-element_type=\"widget\" data-widget_type=\"heading.default\">\n\t\t\t\t<div class=\"elementor-widget-container\">\n\t\t\t<h1 class=\"elementor-heading-title elementor-size-default\"><b>Pliki RAW<\/b><\/h1>\t\t<\/div>\n\t\t\t\t<\/div>\n\t\t\t\t<div class=\"elementor-element elementor-element-3d703d1 elementor-widget elementor-widget-heading\" data-id=\"3d703d1\" data-element_type=\"widget\" data-widget_type=\"heading.default\">\n\t\t\t\t<div class=\"elementor-widget-container\">\n\t\t\t<h2 class=\"elementor-heading-title elementor-size-default\">Do \u0107wiczenia retuszu<\/h2>\t\t<\/div>\n\t\t\t\t<\/div>\n\t\t\t\t<div class=\"elementor-element elementor-element-d785827 elementor-widget elementor-widget-text-editor\" data-id=\"d785827\" data-element_type=\"widget\" data-widget_type=\"text-editor.default\">\n\t\t\t\t<div class=\"elementor-widget-container\">\n\t\t\t\t\t\t\t<p>Udost\u0119pniam nieco swoich RAW-\u00f3w do \u0107wicze\u0144, ich miniatury bez obr\u00f3bki wida\u0107 obok. Po podaniu maila otrzymasz pliki, razem z kilkoma wskaz\u00f3wkami dot. retuszu.<\/p><p>Uwaga: To pliki do \u0107wicze\u0144. Nie mo\u017cna wykorzystywa\u0107 tych zdj\u0119\u0107 w portfoliach retuszerskich etc!<\/p><p>Gdzie wys\u0142a\u0107 pliki?<\/p>\t\t\t\t\t\t<\/div>\n\t\t\t\t<\/div>\n\t\t\t\t<div class=\"elementor-element elementor-element-4bc5471 elementor-button-align-stretch elementor-widget elementor-widget-form\" data-id=\"4bc5471\" data-element_type=\"widget\" data-settings=\"{&quot;step_next_label&quot;:&quot;Dalej&quot;,&quot;step_previous_label&quot;:&quot;Wstecz&quot;,&quot;button_width&quot;:&quot;100&quot;,&quot;step_type&quot;:&quot;number_text&quot;,&quot;step_icon_shape&quot;:&quot;circle&quot;}\" data-widget_type=\"form.default\">\n\t\t\t\t<div class=\"elementor-widget-container\">\n\t\t\t\t\t<form class=\"elementor-form\" method=\"post\" name=\"New Form\">\n\t\t\t<input type=\"hidden\" name=\"post_id\" value=\"35167\"\/>\n\t\t\t<input type=\"hidden\" name=\"form_id\" value=\"4bc5471\"\/>\n\t\t\t<input type=\"hidden\" name=\"referer_title\" value=\"Thomas Voland\" \/>\n\n\t\t\t\n\t\t\t<div class=\"elementor-form-fields-wrapper elementor-labels-above\">\n\t\t\t\t\t\t\t\t<div class=\"elementor-field-type-text elementor-field-group elementor-column elementor-field-group-name elementor-col-100 elementor-field-required\">\n\t\t\t\t\t\t\t\t\t\t\t\t\t<input size=\"1\" type=\"text\" name=\"form_fields[name]\" id=\"form-field-name\" class=\"elementor-field elementor-size-lg  elementor-field-textual\" placeholder=\"Imi\u0119\" required=\"required\" aria-required=\"true\">\n\t\t\t\t\t\t\t\t\t\t\t<\/div>\n\t\t\t\t\t\t\t\t<div class=\"elementor-field-type-email elementor-field-group elementor-column elementor-field-group-email elementor-col-100 elementor-field-required\">\n\t\t\t\t\t\t\t\t\t\t\t\t\t<input size=\"1\" type=\"email\" name=\"form_fields[email]\" id=\"form-field-email\" class=\"elementor-field elementor-size-lg  elementor-field-textual\" placeholder=\"Email\" required=\"required\" aria-required=\"true\">\n\t\t\t\t\t\t\t\t\t\t\t<\/div>\n\t\t\t\t\t\t\t\t<div class=\"elementor-field-type-acceptance elementor-field-group elementor-column elementor-field-group-field_2ec2df6 elementor-col-100 elementor-field-required\">\n\t\t\t\t\t\t\t<div class=\"elementor-field-subgroup\">\n\t\t\t<span class=\"elementor-field-option\">\n\t\t\t\t<input type=\"checkbox\" name=\"form_fields[field_2ec2df6]\" id=\"form-field-field_2ec2df6\" class=\"elementor-field elementor-size-lg  elementor-acceptance-field\" required=\"required\" aria-required=\"true\">\n\t\t\t\t<label for=\"form-field-field_2ec2df6\">Zapisuj\u0105c si\u0119 o\u015bwiadczasz, \u017ce jeste\u015b w\u0142a\u015bcicielem tego adresu e-mail i wyra\u017casz zgod\u0119 na przetwarzanie swoich danych osobowych przez Tomasz Pluszczyk Limited, zgodnie obowi\u0105zuj\u0105cym prawem i Rozporz\u0105dzeniem Parlamentu Europejskiego i Rady (UE) 2016\/679 z dnia 27 kwietnia 2016 r. w sprawie ochrony os\u00f3b fizycznych w zwi\u0105zku z przetwarzaniem danych osobowych i w sprawie swobodnego przep\u0142ywu takich danych oraz uchylenia dyrektywy 95\/46\/WE (RODO), a tak\u017ce wyra\u017casz zgod\u0119 na otrzymywanie informacji handlowych \u015brodkami komunikacji elektronicznej przesy\u0142anych przez wydawc\u0119 serwisu. W ka\u017cdej chwili mo\u017cesz si\u0119 wypisa\u0107.<\/label>\t\t\t<\/span>\n\t\t<\/div>\n\t\t\t\t\t\t<\/div>\n\t\t\t\t\t\t\t\t<div class=\"elementor-field-group elementor-column elementor-field-type-submit elementor-col-100 e-form__buttons\">\n\t\t\t\t\t<button type=\"submit\" class=\"elementor-button elementor-size-lg\">\n\t\t\t\t\t\t<span >\n\t\t\t\t\t\t\t\t\t\t\t\t\t\t\t<span class=\"elementor-align-icon-left elementor-button-icon\">\n\t\t\t\t\t\t\t\t\t<i aria-hidden=\"true\" class=\"far fa-images\"><\/i>\t\t\t\t\t\t\t\t\t\t\t\t\t\t\t\t\t<\/span>\n\t\t\t\t\t\t\t\t\t\t\t\t\t\t\t\t\t\t\t\t\t\t<span class=\"elementor-button-text\">Wy\u015blij<\/span>\n\t\t\t\t\t\t\t\t\t\t\t\t\t<\/span>\n\t\t\t\t\t<\/button>\n\t\t\t\t<\/div>\n\t\t\t<\/div>\n\t\t<\/form>\n\t\t\t\t<\/div>\n\t\t\t\t<\/div>\n\t\t\t\t\t<\/div>\n\t\t<\/div>\n\t\t\t\t<div class=\"elementor-column elementor-col-50 elementor-inner-column elementor-element elementor-element-2ee1e5a\" data-id=\"2ee1e5a\" data-element_type=\"column\">\n\t\t\t<div class=\"elementor-widget-wrap elementor-element-populated\">\n\t\t\t\t\t\t<div class=\"elementor-element elementor-element-1ee8983 elementor-widget elementor-widget-image\" data-id=\"1ee8983\" data-element_type=\"widget\" data-widget_type=\"image.default\">\n\t\t\t\t<div class=\"elementor-widget-container\">\n\t\t\t\t\t\t\t\t\t\t\t\t\t<img fetchpriority=\"high\" decoding=\"async\" width=\"1200\" height=\"1285\" src=\"https:\/\/thomasvoland.com\/blog\/wp-content\/uploads\/2023\/05\/RAWy-1.jpg\" class=\"attachment-large size-large wp-image-35766\" alt=\"\" srcset=\"https:\/\/thomasvoland.com\/blog\/wp-content\/uploads\/2023\/05\/RAWy-1.jpg 1200w, https:\/\/thomasvoland.com\/blog\/wp-content\/uploads\/2023\/05\/RAWy-1-870x932.jpg 870w, https:\/\/thomasvoland.com\/blog\/wp-content\/uploads\/2023\/05\/RAWy-1-768x822.jpg 768w, https:\/\/thomasvoland.com\/blog\/wp-content\/uploads\/2023\/05\/RAWy-1-200x214.jpg 200w, https:\/\/thomasvoland.com\/blog\/wp-content\/uploads\/2023\/05\/RAWy-1-400x428.jpg 400w, https:\/\/thomasvoland.com\/blog\/wp-content\/uploads\/2023\/05\/RAWy-1-600x643.jpg 600w, https:\/\/thomasvoland.com\/blog\/wp-content\/uploads\/2023\/05\/RAWy-1-800x857.jpg 800w\" sizes=\"(max-width: 1200px) 100vw, 1200px\" \/>\t\t\t\t\t\t\t\t\t\t\t\t\t<\/div>\n\t\t\t\t<\/div>\n\t\t\t\t\t<\/div>\n\t\t<\/div>\n\t\t\t\t\t<\/div>\n\t\t<\/section>\n\t\t\t\t\t<\/div>\n\t\t<\/div>\n\t\t\t\t\t<\/div>\n\t\t<\/section>\n\t\t\t\t<section class=\"elementor-section elementor-top-section elementor-element elementor-element-d871943 elementor-section-full_width elementor-section-stretched elementor-section-height-default elementor-section-height-default\" data-id=\"d871943\" data-element_type=\"section\" data-settings=\"{&quot;stretch_section&quot;:&quot;section-stretched&quot;,&quot;background_background&quot;:&quot;classic&quot;}\">\n\t\t\t\t\t\t<div class=\"elementor-container elementor-column-gap-default\">\n\t\t\t\t\t<div class=\"elementor-column elementor-col-100 elementor-top-column elementor-element elementor-element-2b83041\" data-id=\"2b83041\" data-element_type=\"column\">\n\t\t\t<div class=\"elementor-widget-wrap elementor-element-populated\">\n\t\t\t\t\t\t<div class=\"elementor-element elementor-element-f82907f elementor-widget elementor-widget-text-editor\" data-id=\"f82907f\" data-element_type=\"widget\" data-widget_type=\"text-editor.default\">\n\t\t\t\t<div class=\"elementor-widget-container\">\n\t\t\t\t\t\t\t<p style=\"text-align: center;\">Je\u015bli wiadomo\u015bci z plikami nie ma w skrzynce odbiorczej, to sprawd\u017a folder z newsletterami\/ofertami lub ze spamem. Ja spamu nie wysy\u0142am, a z mailingu mo\u017cesz si\u0119 wypisa\u0107 w ka\u017cdej chwili.<\/p>\t\t\t\t\t\t<\/div>\n\t\t\t\t<\/div>\n\t\t\t\t\t<\/div>\n\t\t<\/div>\n\t\t\t\t\t<\/div>\n\t\t<\/section>\n\t\t\t\t<\/div>\n\t\t","protected":false},"excerpt":{"rendered":"<p>Pliki RAW Do \u0107wiczenia retuszu Udost\u0119pniam nieco swoich RAW-\u00f3w do \u0107wicze\u0144, ich miniatury bez obr\u00f3bki wida\u0107 obok. Po podaniu maila otrzymasz pliki, razem z kilkoma wskaz\u00f3wkami dot. retuszu. Uwaga: To pliki do \u0107wicze\u0144. Nie mo\u017cna wykorzystywa\u0107 tych zdj\u0119\u0107 w portfoliach retuszerskich etc! Gdzie wys\u0142a\u0107 pliki? Je\u015bli wiadomo\u015bci z plikami nie ma w skrzynce odbiorczej, to [&hellip;]<\/p>\n","protected":false},"author":1,"featured_media":0,"parent":0,"menu_order":0,"comment_status":"closed","ping_status":"closed","template":"","meta":{"om_disable_all_campaigns":false,"footnotes":""},"class_list":["post-35167","page","type-page","status-publish","hentry"],"yoast_head":"<!-- This site is optimized with the Yoast SEO plugin v23.9 - https:\/\/yoast.com\/wordpress\/plugins\/seo\/ -->\n<title>RAW-y do \u0107wiczenia retuszu - Thomas Voland<\/title>\n<meta name=\"robots\" content=\"index, follow, max-snippet:-1, max-image-preview:large, max-video-preview:-1\" \/>\n<link rel=\"canonical\" href=\"https:\/\/thomasvoland.com\/blog\/raw-y-do-cwiczenia-retuszu\/\" \/>\n<meta property=\"og:locale\" content=\"pl_PL\" \/>\n<meta property=\"og:type\" content=\"article\" \/>\n<meta property=\"og:title\" content=\"RAW-y do \u0107wiczenia retuszu - Thomas Voland\" \/>\n<meta property=\"og:description\" content=\"Pliki RAW Do \u0107wiczenia retuszu Udost\u0119pniam nieco swoich RAW-\u00f3w do \u0107wicze\u0144, ich miniatury bez obr\u00f3bki wida\u0107 obok. Po podaniu maila otrzymasz pliki, razem z kilkoma wskaz\u00f3wkami dot. retuszu. Uwaga: To pliki do \u0107wicze\u0144. Nie mo\u017cna wykorzystywa\u0107 tych zdj\u0119\u0107 w portfoliach retuszerskich etc! Gdzie wys\u0142a\u0107 pliki? Je\u015bli wiadomo\u015bci z plikami nie ma w skrzynce odbiorczej, to [&hellip;]\" \/>\n<meta property=\"og:url\" content=\"https:\/\/thomasvoland.com\/blog\/raw-y-do-cwiczenia-retuszu\/\" \/>\n<meta property=\"og:site_name\" content=\"Thomas Voland\" \/>\n<meta property=\"article:publisher\" content=\"https:\/\/www.facebook.com\/t.pluszczyk\" \/>\n<meta property=\"article:modified_time\" content=\"2023-05-16T07:23:27+00:00\" \/>\n<meta property=\"og:image\" content=\"https:\/\/thomasvoland.com\/blog\/wp-content\/uploads\/2023\/05\/RAWy-1.jpg\" \/>\n<meta name=\"twitter:card\" content=\"summary_large_image\" \/>\n<meta name=\"twitter:site\" content=\"@TomaszPluszczyk\" \/>\n<meta name=\"twitter:label1\" content=\"Szacowany czas czytania\" \/>\n\t<meta name=\"twitter:data1\" content=\"2 minuty\" \/>\n<script type=\"application\/ld+json\" class=\"yoast-schema-graph\">{\"@context\":\"https:\/\/schema.org\",\"@graph\":[{\"@type\":\"WebPage\",\"@id\":\"https:\/\/thomasvoland.com\/blog\/raw-y-do-cwiczenia-retuszu\/\",\"url\":\"https:\/\/thomasvoland.com\/blog\/raw-y-do-cwiczenia-retuszu\/\",\"name\":\"RAW-y do \u0107wiczenia retuszu - Thomas Voland\",\"isPartOf\":{\"@id\":\"https:\/\/thomasvoland.com\/blog\/#website\"},\"primaryImageOfPage\":{\"@id\":\"https:\/\/thomasvoland.com\/blog\/raw-y-do-cwiczenia-retuszu\/#primaryimage\"},\"image\":{\"@id\":\"https:\/\/thomasvoland.com\/blog\/raw-y-do-cwiczenia-retuszu\/#primaryimage\"},\"thumbnailUrl\":\"https:\/\/thomasvoland.com\/blog\/wp-content\/uploads\/2023\/05\/RAWy-1.jpg\",\"datePublished\":\"2023-05-15T08:33:14+00:00\",\"dateModified\":\"2023-05-16T07:23:27+00:00\",\"breadcrumb\":{\"@id\":\"https:\/\/thomasvoland.com\/blog\/raw-y-do-cwiczenia-retuszu\/#breadcrumb\"},\"inLanguage\":\"pl-PL\",\"potentialAction\":[{\"@type\":\"ReadAction\",\"target\":[\"https:\/\/thomasvoland.com\/blog\/raw-y-do-cwiczenia-retuszu\/\"]}]},{\"@type\":\"ImageObject\",\"inLanguage\":\"pl-PL\",\"@id\":\"https:\/\/thomasvoland.com\/blog\/raw-y-do-cwiczenia-retuszu\/#primaryimage\",\"url\":\"https:\/\/thomasvoland.com\/blog\/wp-content\/uploads\/2023\/05\/RAWy-1.jpg\",\"contentUrl\":\"https:\/\/thomasvoland.com\/blog\/wp-content\/uploads\/2023\/05\/RAWy-1.jpg\",\"width\":1200,\"height\":1285},{\"@type\":\"BreadcrumbList\",\"@id\":\"https:\/\/thomasvoland.com\/blog\/raw-y-do-cwiczenia-retuszu\/#breadcrumb\",\"itemListElement\":[{\"@type\":\"ListItem\",\"position\":1,\"name\":\"Strona g\u0142\u00f3wna\",\"item\":\"https:\/\/thomasvoland.com\/blog\/\"},{\"@type\":\"ListItem\",\"position\":2,\"name\":\"RAW-y do \u0107wiczenia retuszu\"}]},{\"@type\":\"WebSite\",\"@id\":\"https:\/\/thomasvoland.com\/blog\/#website\",\"url\":\"https:\/\/thomasvoland.com\/blog\/\",\"name\":\"Thomas Voland\",\"description\":\"\",\"publisher\":{\"@id\":\"https:\/\/thomasvoland.com\/blog\/#organization\"},\"potentialAction\":[{\"@type\":\"SearchAction\",\"target\":{\"@type\":\"EntryPoint\",\"urlTemplate\":\"https:\/\/thomasvoland.com\/blog\/?s={search_term_string}\"},\"query-input\":{\"@type\":\"PropertyValueSpecification\",\"valueRequired\":true,\"valueName\":\"search_term_string\"}}],\"inLanguage\":\"pl-PL\"},{\"@type\":\"Organization\",\"@id\":\"https:\/\/thomasvoland.com\/blog\/#organization\",\"name\":\"Thomas Voland\",\"url\":\"https:\/\/thomasvoland.com\/blog\/\",\"logo\":{\"@type\":\"ImageObject\",\"inLanguage\":\"pl-PL\",\"@id\":\"https:\/\/thomasvoland.com\/blog\/#\/schema\/logo\/image\/\",\"url\":\"https:\/\/thomasvoland.com\/blog\/wp-content\/uploads\/2023\/04\/voland-logo-2.png\",\"contentUrl\":\"https:\/\/thomasvoland.com\/blog\/wp-content\/uploads\/2023\/04\/voland-logo-2.png\",\"width\":210,\"height\":45,\"caption\":\"Thomas Voland\"},\"image\":{\"@id\":\"https:\/\/thomasvoland.com\/blog\/#\/schema\/logo\/image\/\"},\"sameAs\":[\"https:\/\/www.facebook.com\/t.pluszczyk\",\"https:\/\/x.com\/TomaszPluszczyk\",\"https:\/\/www.instagram.com\/thomas_voland\/\",\"https:\/\/www.youtube.com\/channel\/UCRWUS9d3Y3Pi-S9pVs9DKqA\"]}]}<\/script>\n<!-- \/ Yoast SEO plugin. -->","yoast_head_json":{"title":"RAW-y do \u0107wiczenia retuszu - Thomas Voland","robots":{"index":"index","follow":"follow","max-snippet":"max-snippet:-1","max-image-preview":"max-image-preview:large","max-video-preview":"max-video-preview:-1"},"canonical":"https:\/\/thomasvoland.com\/blog\/raw-y-do-cwiczenia-retuszu\/","og_locale":"pl_PL","og_type":"article","og_title":"RAW-y do \u0107wiczenia retuszu - Thomas Voland","og_description":"Pliki RAW Do \u0107wiczenia retuszu Udost\u0119pniam nieco swoich RAW-\u00f3w do \u0107wicze\u0144, ich miniatury bez obr\u00f3bki wida\u0107 obok. Po podaniu maila otrzymasz pliki, razem z kilkoma wskaz\u00f3wkami dot. retuszu. Uwaga: To pliki do \u0107wicze\u0144. Nie mo\u017cna wykorzystywa\u0107 tych zdj\u0119\u0107 w portfoliach retuszerskich etc! Gdzie wys\u0142a\u0107 pliki? Je\u015bli wiadomo\u015bci z plikami nie ma w skrzynce odbiorczej, to [&hellip;]","og_url":"https:\/\/thomasvoland.com\/blog\/raw-y-do-cwiczenia-retuszu\/","og_site_name":"Thomas Voland","article_publisher":"https:\/\/www.facebook.com\/t.pluszczyk","article_modified_time":"2023-05-16T07:23:27+00:00","og_image":[{"url":"https:\/\/thomasvoland.com\/blog\/wp-content\/uploads\/2023\/05\/RAWy-1.jpg"}],"twitter_card":"summary_large_image","twitter_site":"@TomaszPluszczyk","twitter_misc":{"Szacowany czas czytania":"2 minuty"},"schema":{"@context":"https:\/\/schema.org","@graph":[{"@type":"WebPage","@id":"https:\/\/thomasvoland.com\/blog\/raw-y-do-cwiczenia-retuszu\/","url":"https:\/\/thomasvoland.com\/blog\/raw-y-do-cwiczenia-retuszu\/","name":"RAW-y do \u0107wiczenia retuszu - Thomas Voland","isPartOf":{"@id":"https:\/\/thomasvoland.com\/blog\/#website"},"primaryImageOfPage":{"@id":"https:\/\/thomasvoland.com\/blog\/raw-y-do-cwiczenia-retuszu\/#primaryimage"},"image":{"@id":"https:\/\/thomasvoland.com\/blog\/raw-y-do-cwiczenia-retuszu\/#primaryimage"},"thumbnailUrl":"https:\/\/thomasvoland.com\/blog\/wp-content\/uploads\/2023\/05\/RAWy-1.jpg","datePublished":"2023-05-15T08:33:14+00:00","dateModified":"2023-05-16T07:23:27+00:00","breadcrumb":{"@id":"https:\/\/thomasvoland.com\/blog\/raw-y-do-cwiczenia-retuszu\/#breadcrumb"},"inLanguage":"pl-PL","potentialAction":[{"@type":"ReadAction","target":["https:\/\/thomasvoland.com\/blog\/raw-y-do-cwiczenia-retuszu\/"]}]},{"@type":"ImageObject","inLanguage":"pl-PL","@id":"https:\/\/thomasvoland.com\/blog\/raw-y-do-cwiczenia-retuszu\/#primaryimage","url":"https:\/\/thomasvoland.com\/blog\/wp-content\/uploads\/2023\/05\/RAWy-1.jpg","contentUrl":"https:\/\/thomasvoland.com\/blog\/wp-content\/uploads\/2023\/05\/RAWy-1.jpg","width":1200,"height":1285},{"@type":"BreadcrumbList","@id":"https:\/\/thomasvoland.com\/blog\/raw-y-do-cwiczenia-retuszu\/#breadcrumb","itemListElement":[{"@type":"ListItem","position":1,"name":"Strona g\u0142\u00f3wna","item":"https:\/\/thomasvoland.com\/blog\/"},{"@type":"ListItem","position":2,"name":"RAW-y do \u0107wiczenia retuszu"}]},{"@type":"WebSite","@id":"https:\/\/thomasvoland.com\/blog\/#website","url":"https:\/\/thomasvoland.com\/blog\/","name":"Thomas Voland","description":"","publisher":{"@id":"https:\/\/thomasvoland.com\/blog\/#organization"},"potentialAction":[{"@type":"SearchAction","target":{"@type":"EntryPoint","urlTemplate":"https:\/\/thomasvoland.com\/blog\/?s={search_term_string}"},"query-input":{"@type":"PropertyValueSpecification","valueRequired":true,"valueName":"search_term_string"}}],"inLanguage":"pl-PL"},{"@type":"Organization","@id":"https:\/\/thomasvoland.com\/blog\/#organization","name":"Thomas Voland","url":"https:\/\/thomasvoland.com\/blog\/","logo":{"@type":"ImageObject","inLanguage":"pl-PL","@id":"https:\/\/thomasvoland.com\/blog\/#\/schema\/logo\/image\/","url":"https:\/\/thomasvoland.com\/blog\/wp-content\/uploads\/2023\/04\/voland-logo-2.png","contentUrl":"https:\/\/thomasvoland.com\/blog\/wp-content\/uploads\/2023\/04\/voland-logo-2.png","width":210,"height":45,"caption":"Thomas Voland"},"image":{"@id":"https:\/\/thomasvoland.com\/blog\/#\/schema\/logo\/image\/"},"sameAs":["https:\/\/www.facebook.com\/t.pluszczyk","https:\/\/x.com\/TomaszPluszczyk","https:\/\/www.instagram.com\/thomas_voland\/","https:\/\/www.youtube.com\/channel\/UCRWUS9d3Y3Pi-S9pVs9DKqA"]}]}},"jetpack_shortlink":"https:\/\/wp.me\/P2VD7q-99d","jetpack_sharing_enabled":true,"_links":{"self":[{"href":"https:\/\/thomasvoland.com\/blog\/wp-json\/wp\/v2\/pages\/35167","targetHints":{"allow":["GET"]}}],"collection":[{"href":"https:\/\/thomasvoland.com\/blog\/wp-json\/wp\/v2\/pages"}],"about":[{"href":"https:\/\/thomasvoland.com\/blog\/wp-json\/wp\/v2\/types\/page"}],"author":[{"embeddable":true,"href":"https:\/\/thomasvoland.com\/blog\/wp-json\/wp\/v2\/users\/1"}],"replies":[{"embeddable":true,"href":"https:\/\/thomasvoland.com\/blog\/wp-json\/wp\/v2\/comments?post=35167"}],"version-history":[{"count":32,"href":"https:\/\/thomasvoland.com\/blog\/wp-json\/wp\/v2\/pages\/35167\/revisions"}],"predecessor-version":[{"id":35793,"href":"https:\/\/thomasvoland.com\/blog\/wp-json\/wp\/v2\/pages\/35167\/revisions\/35793"}],"wp:attachment":[{"href":"https:\/\/thomasvoland.com\/blog\/wp-json\/wp\/v2\/media?parent=35167"}],"curies":[{"name":"wp","href":"https:\/\/api.w.org\/{rel}","templated":true}]}}