{"id":17538,"date":"2018-12-02T12:39:47","date_gmt":"2018-12-02T11:39:47","guid":{"rendered":"https:\/\/thomasvoland.com\/blog\/?page_id=17538"},"modified":"2018-12-03T12:12:48","modified_gmt":"2018-12-03T11:12:48","slug":"lifestyle","status":"publish","type":"page","link":"https:\/\/thomasvoland.com\/blog\/lifestyle\/","title":{"rendered":"Lifestyle"},"content":{"rendered":"<div class=\"wpb-content-wrapper\"><p>[vc_row][vc_column][vc_column_text css=&#8221;.vc_custom_1543835565262{margin-bottom: 0px !important;}&#8221;]<\/p>\n<h1 style=\"text-align: justify;\">Lifestyle<\/h1>\n<p style=\"text-align: justify;\">To zupe\u0142nie odr\u0119bna cz\u0119\u015b\u0107 bloga, w kt\u00f3rej b\u0119d\u0105 pojawia\u0107 si\u0119 najr\u00f3\u017cniejsze wpisy, na tematy niezwi\u0105zane z fotografi\u0105. Artyku\u0142y w tym dziale b\u0119d\u0105 publikowane cz\u0119sto, ale raczej bez powiadomie\u0144 mailowych i informacji na Facebooku. Postaram si\u0119 informowa\u0107 w story na <a href=\"https:\/\/www.instagram.com\/thomas_voland\" target=\"_blank\" rel=\"noopener\">Instagramie<\/a> i przez <a href=\"https:\/\/twitter.com\/TomaszPluszczyk\" target=\"_blank\" rel=\"noopener\">Twittera<\/a> (poza tym RSS obejmuje ca\u0142y blog).<\/p>\n<p style=\"text-align: justify;\"><strong>Czego si\u0119 spodziewa\u0107?<\/strong> Wszystkiego &#8211; tutaj b\u0119d\u0105 l\u0105dowa\u0142y artyku\u0142y, na jakie nie by\u0142o miejsca na blogu fotograficznym. Czasem kilku zdaniowe notki, albo seria ciekawych link\u00f3w, innym razem ogromna lektura &#8211; nie ma \u017cadnych regu\u0142.<\/p>\n<p style=\"text-align: justify;\">Data za\u0142o\u017cenia lifestyle to 2 grudnia 2018, ale przerzuci\u0142em tutaj te\u017c 3 starsze wpisy, kt\u00f3re pasuj\u0105 tematyk\u0105.<\/p>\n<p>[\/vc_column_text][mk_divider style=&#8221;single_dotted&#8221; margin_top=&#8221;5&#8243;][\/vc_column][vc_column][mk_blog style=&#8221;classic&#8221; post_count=&#8221;5&#8243; cat=&#8221;343&#8243;][\/vc_column][\/vc_row]<\/p>\n<\/div>","protected":false},"excerpt":{"rendered":"<p>[vc_row][vc_column][vc_column_text css=&#8221;.vc_custom_1543835565262{margin-bottom: 0px !important;}&#8221;] Lifestyle To zupe\u0142nie odr\u0119bna cz\u0119\u015b\u0107 bloga, w kt\u00f3rej b\u0119d\u0105 pojawia\u0107 si\u0119 najr\u00f3\u017cniejsze wpisy, na tematy niezwi\u0105zane z fotografi\u0105. Artyku\u0142y w tym dziale b\u0119d\u0105 publikowane cz\u0119sto, ale raczej bez powiadomie\u0144 mailowych i informacji na Facebooku. Postaram si\u0119 informowa\u0107 w story na Instagramie i przez Twittera (poza tym RSS obejmuje ca\u0142y blog). Czego [&hellip;]<\/p>\n","protected":false},"author":1,"featured_media":0,"parent":0,"menu_order":0,"comment_status":"closed","ping_status":"closed","template":"","meta":{"om_disable_all_campaigns":false,"footnotes":""},"class_list":["post-17538","page","type-page","status-publish","hentry"],"yoast_head":"<!-- This site is optimized with the Yoast SEO plugin v23.9 - https:\/\/yoast.com\/wordpress\/plugins\/seo\/ -->\n<title>Lifestyle - Thomas Voland<\/title>\n<meta name=\"robots\" content=\"index, follow, max-snippet:-1, max-image-preview:large, max-video-preview:-1\" \/>\n<link rel=\"canonical\" href=\"https:\/\/thomasvoland.com\/blog\/lifestyle\/\" \/>\n<meta property=\"og:locale\" content=\"pl_PL\" \/>\n<meta property=\"og:type\" content=\"article\" \/>\n<meta property=\"og:title\" content=\"Lifestyle - Thomas Voland\" \/>\n<meta property=\"og:description\" content=\"[vc_row][vc_column][vc_column_text css=&#8221;.vc_custom_1543835565262{margin-bottom: 0px !important;}&#8221;] Lifestyle To zupe\u0142nie odr\u0119bna cz\u0119\u015b\u0107 bloga, w kt\u00f3rej b\u0119d\u0105 pojawia\u0107 si\u0119 najr\u00f3\u017cniejsze wpisy, na tematy niezwi\u0105zane z fotografi\u0105. Artyku\u0142y w tym dziale b\u0119d\u0105 publikowane cz\u0119sto, ale raczej bez powiadomie\u0144 mailowych i informacji na Facebooku. Postaram si\u0119 informowa\u0107 w story na Instagramie i przez Twittera (poza tym RSS obejmuje ca\u0142y blog). Czego [&hellip;]\" \/>\n<meta property=\"og:url\" content=\"https:\/\/thomasvoland.com\/blog\/lifestyle\/\" \/>\n<meta property=\"og:site_name\" content=\"Thomas Voland\" \/>\n<meta property=\"article:publisher\" content=\"https:\/\/www.facebook.com\/t.pluszczyk\" \/>\n<meta property=\"article:modified_time\" content=\"2018-12-03T11:12:48+00:00\" \/>\n<meta name=\"twitter:card\" content=\"summary_large_image\" \/>\n<meta name=\"twitter:site\" content=\"@TomaszPluszczyk\" \/>\n<meta name=\"twitter:label1\" content=\"Szacowany czas czytania\" \/>\n\t<meta name=\"twitter:data1\" content=\"1 minuta\" \/>\n<script type=\"application\/ld+json\" class=\"yoast-schema-graph\">{\"@context\":\"https:\/\/schema.org\",\"@graph\":[{\"@type\":\"WebPage\",\"@id\":\"https:\/\/thomasvoland.com\/blog\/lifestyle\/\",\"url\":\"https:\/\/thomasvoland.com\/blog\/lifestyle\/\",\"name\":\"Lifestyle - Thomas Voland\",\"isPartOf\":{\"@id\":\"https:\/\/thomasvoland.com\/blog\/#website\"},\"datePublished\":\"2018-12-02T11:39:47+00:00\",\"dateModified\":\"2018-12-03T11:12:48+00:00\",\"breadcrumb\":{\"@id\":\"https:\/\/thomasvoland.com\/blog\/lifestyle\/#breadcrumb\"},\"inLanguage\":\"pl-PL\",\"potentialAction\":[{\"@type\":\"ReadAction\",\"target\":[\"https:\/\/thomasvoland.com\/blog\/lifestyle\/\"]}]},{\"@type\":\"BreadcrumbList\",\"@id\":\"https:\/\/thomasvoland.com\/blog\/lifestyle\/#breadcrumb\",\"itemListElement\":[{\"@type\":\"ListItem\",\"position\":1,\"name\":\"Strona g\u0142\u00f3wna\",\"item\":\"https:\/\/thomasvoland.com\/blog\/\"},{\"@type\":\"ListItem\",\"position\":2,\"name\":\"Lifestyle\"}]},{\"@type\":\"WebSite\",\"@id\":\"https:\/\/thomasvoland.com\/blog\/#website\",\"url\":\"https:\/\/thomasvoland.com\/blog\/\",\"name\":\"Thomas Voland\",\"description\":\"\",\"publisher\":{\"@id\":\"https:\/\/thomasvoland.com\/blog\/#organization\"},\"potentialAction\":[{\"@type\":\"SearchAction\",\"target\":{\"@type\":\"EntryPoint\",\"urlTemplate\":\"https:\/\/thomasvoland.com\/blog\/?s={search_term_string}\"},\"query-input\":{\"@type\":\"PropertyValueSpecification\",\"valueRequired\":true,\"valueName\":\"search_term_string\"}}],\"inLanguage\":\"pl-PL\"},{\"@type\":\"Organization\",\"@id\":\"https:\/\/thomasvoland.com\/blog\/#organization\",\"name\":\"Thomas Voland\",\"url\":\"https:\/\/thomasvoland.com\/blog\/\",\"logo\":{\"@type\":\"ImageObject\",\"inLanguage\":\"pl-PL\",\"@id\":\"https:\/\/thomasvoland.com\/blog\/#\/schema\/logo\/image\/\",\"url\":\"https:\/\/thomasvoland.com\/blog\/wp-content\/uploads\/2023\/04\/voland-logo-2.png\",\"contentUrl\":\"https:\/\/thomasvoland.com\/blog\/wp-content\/uploads\/2023\/04\/voland-logo-2.png\",\"width\":210,\"height\":45,\"caption\":\"Thomas Voland\"},\"image\":{\"@id\":\"https:\/\/thomasvoland.com\/blog\/#\/schema\/logo\/image\/\"},\"sameAs\":[\"https:\/\/www.facebook.com\/t.pluszczyk\",\"https:\/\/x.com\/TomaszPluszczyk\",\"https:\/\/www.instagram.com\/thomas_voland\/\",\"https:\/\/www.youtube.com\/channel\/UCRWUS9d3Y3Pi-S9pVs9DKqA\"]}]}<\/script>\n<!-- \/ Yoast SEO plugin. -->","yoast_head_json":{"title":"Lifestyle - Thomas Voland","robots":{"index":"index","follow":"follow","max-snippet":"max-snippet:-1","max-image-preview":"max-image-preview:large","max-video-preview":"max-video-preview:-1"},"canonical":"https:\/\/thomasvoland.com\/blog\/lifestyle\/","og_locale":"pl_PL","og_type":"article","og_title":"Lifestyle - Thomas Voland","og_description":"[vc_row][vc_column][vc_column_text css=&#8221;.vc_custom_1543835565262{margin-bottom: 0px !important;}&#8221;] Lifestyle To zupe\u0142nie odr\u0119bna cz\u0119\u015b\u0107 bloga, w kt\u00f3rej b\u0119d\u0105 pojawia\u0107 si\u0119 najr\u00f3\u017cniejsze wpisy, na tematy niezwi\u0105zane z fotografi\u0105. Artyku\u0142y w tym dziale b\u0119d\u0105 publikowane cz\u0119sto, ale raczej bez powiadomie\u0144 mailowych i informacji na Facebooku. Postaram si\u0119 informowa\u0107 w story na Instagramie i przez Twittera (poza tym RSS obejmuje ca\u0142y blog). Czego [&hellip;]","og_url":"https:\/\/thomasvoland.com\/blog\/lifestyle\/","og_site_name":"Thomas Voland","article_publisher":"https:\/\/www.facebook.com\/t.pluszczyk","article_modified_time":"2018-12-03T11:12:48+00:00","twitter_card":"summary_large_image","twitter_site":"@TomaszPluszczyk","twitter_misc":{"Szacowany czas czytania":"1 minuta"},"schema":{"@context":"https:\/\/schema.org","@graph":[{"@type":"WebPage","@id":"https:\/\/thomasvoland.com\/blog\/lifestyle\/","url":"https:\/\/thomasvoland.com\/blog\/lifestyle\/","name":"Lifestyle - Thomas Voland","isPartOf":{"@id":"https:\/\/thomasvoland.com\/blog\/#website"},"datePublished":"2018-12-02T11:39:47+00:00","dateModified":"2018-12-03T11:12:48+00:00","breadcrumb":{"@id":"https:\/\/thomasvoland.com\/blog\/lifestyle\/#breadcrumb"},"inLanguage":"pl-PL","potentialAction":[{"@type":"ReadAction","target":["https:\/\/thomasvoland.com\/blog\/lifestyle\/"]}]},{"@type":"BreadcrumbList","@id":"https:\/\/thomasvoland.com\/blog\/lifestyle\/#breadcrumb","itemListElement":[{"@type":"ListItem","position":1,"name":"Strona g\u0142\u00f3wna","item":"https:\/\/thomasvoland.com\/blog\/"},{"@type":"ListItem","position":2,"name":"Lifestyle"}]},{"@type":"WebSite","@id":"https:\/\/thomasvoland.com\/blog\/#website","url":"https:\/\/thomasvoland.com\/blog\/","name":"Thomas Voland","description":"","publisher":{"@id":"https:\/\/thomasvoland.com\/blog\/#organization"},"potentialAction":[{"@type":"SearchAction","target":{"@type":"EntryPoint","urlTemplate":"https:\/\/thomasvoland.com\/blog\/?s={search_term_string}"},"query-input":{"@type":"PropertyValueSpecification","valueRequired":true,"valueName":"search_term_string"}}],"inLanguage":"pl-PL"},{"@type":"Organization","@id":"https:\/\/thomasvoland.com\/blog\/#organization","name":"Thomas Voland","url":"https:\/\/thomasvoland.com\/blog\/","logo":{"@type":"ImageObject","inLanguage":"pl-PL","@id":"https:\/\/thomasvoland.com\/blog\/#\/schema\/logo\/image\/","url":"https:\/\/thomasvoland.com\/blog\/wp-content\/uploads\/2023\/04\/voland-logo-2.png","contentUrl":"https:\/\/thomasvoland.com\/blog\/wp-content\/uploads\/2023\/04\/voland-logo-2.png","width":210,"height":45,"caption":"Thomas Voland"},"image":{"@id":"https:\/\/thomasvoland.com\/blog\/#\/schema\/logo\/image\/"},"sameAs":["https:\/\/www.facebook.com\/t.pluszczyk","https:\/\/x.com\/TomaszPluszczyk","https:\/\/www.instagram.com\/thomas_voland\/","https:\/\/www.youtube.com\/channel\/UCRWUS9d3Y3Pi-S9pVs9DKqA"]}]}},"jetpack_shortlink":"https:\/\/wp.me\/P2VD7q-4yS","jetpack_sharing_enabled":true,"_links":{"self":[{"href":"https:\/\/thomasvoland.com\/blog\/wp-json\/wp\/v2\/pages\/17538","targetHints":{"allow":["GET"]}}],"collection":[{"href":"https:\/\/thomasvoland.com\/blog\/wp-json\/wp\/v2\/pages"}],"about":[{"href":"https:\/\/thomasvoland.com\/blog\/wp-json\/wp\/v2\/types\/page"}],"author":[{"embeddable":true,"href":"https:\/\/thomasvoland.com\/blog\/wp-json\/wp\/v2\/users\/1"}],"replies":[{"embeddable":true,"href":"https:\/\/thomasvoland.com\/blog\/wp-json\/wp\/v2\/comments?post=17538"}],"version-history":[{"count":8,"href":"https:\/\/thomasvoland.com\/blog\/wp-json\/wp\/v2\/pages\/17538\/revisions"}],"predecessor-version":[{"id":17572,"href":"https:\/\/thomasvoland.com\/blog\/wp-json\/wp\/v2\/pages\/17538\/revisions\/17572"}],"wp:attachment":[{"href":"https:\/\/thomasvoland.com\/blog\/wp-json\/wp\/v2\/media?parent=17538"}],"curies":[{"name":"wp","href":"https:\/\/api.w.org\/{rel}","templated":true}]}}